{"id":3988,"date":"2023-02-25T11:34:59","date_gmt":"2023-02-25T10:34:59","guid":{"rendered":"https:\/\/www.brandenburg-havelland.de\/tap_goebel_bf\/?page_id=3988"},"modified":"2025-05-16T16:49:17","modified_gmt":"2025-05-16T14:49:17","slug":"futterbestellung","status":"publish","type":"page","link":"https:\/\/www.brandenburg-havelland.de\/tap_goebel_bf\/futterbestellung\/","title":{"rendered":"Futterbestellung Online"},"content":{"rendered":"<div id=\"cs-content\" class=\"cs-content\"><div class=\"x-section e3988-e1 m32s-0 m32s-1\"><div class=\"x-bg\" aria-hidden=\"true\"><div class=\"x-bg-layer-lower-image\" style=\" background-image: url(https:\/\/www.brandenburg-havelland.de\/tap_goebel_bf\/wp-content\/uploads\/2020\/12\/op_5.jpg); background-repeat: no-repeat; background-position: center; background-size: cover;\"><\/div><div class=\"x-bg-layer-upper-color\" style=\" background-color: rgba(0, 97, 97,0.8);\"><\/div><\/div><div class=\"x-row x-container max width e3988-e2 m32s-5 m32s-6 m32s-7 m32s-8 m32s-d m32s-e\"><div class=\"x-row-inner\"><div class=\"x-col e3988-e3 m32s-l m32s-m m32s-n\"><div class=\"x-text x-text-headline e3988-e4 m32s-p m32s-q m32s-r m32s-s m32s-t m32s-u m32s-v m32s-w\"><div class=\"x-text-content\"><div class=\"x-text-content-text\"><h1 class=\"x-text-content-text-primary\">Futterbestellung<\/h1><\/div><\/div><\/div><\/div><\/div><\/div><\/div><div class=\"x-section e3988-e5 m32s-0 m32s-2 m32s-3\"><div class=\"x-row x-container max width e3988-e6 m32s-5 m32s-6 m32s-7 m32s-9 m32s-a m32s-f m32s-g\"><div class=\"x-row-inner\"><div class=\"x-col e3988-e7 m32s-m m32s-n\"><div class=\"x-text x-text-headline e3988-e8 m32s-q m32s-r m32s-s m32s-t m32s-u m32s-w m32s-x\"><div class=\"x-text-content\"><div class=\"x-text-content-text\"><h2 class=\"x-text-content-text-primary\">Bestellen Sie Futter direkt online<\/h2><\/div><\/div><\/div><\/div><\/div><\/div><div class=\"x-row x-container max width e3988-e9 m32s-5 m32s-6 m32s-7 m32s-9 m32s-a m32s-f m32s-h\"><div class=\"x-row-inner\"><div class=\"x-col e3988-e10 m32s-m m32s-n\"><div class=\"x-text x-text-headline e3988-e11 m32s-p m32s-q m32s-s m32s-w m32s-y m32s-z m32s-10\"><div class=\"x-text-content\"><div class=\"x-text-content-text\"><h3 class=\"x-text-content-text-primary\">Direkt \u00fcber unser Bestellformular<\/h3><\/div><\/div><\/div><hr class=\"x-line e3988-e12 m32s-13 m32s-14\"><\/hr><hr class=\"x-line e3988-e13 m32s-14 m32s-15\"><\/hr><\/div><\/div><\/div><div class=\"x-row x-container max width e3988-e14 m32s-5 m32s-6 m32s-a m32s-b m32s-i\"><div class=\"x-row-inner\"><div class=\"x-col e3988-e15 m32s-m m32s-o\"><span class=\"x-image e3988-e16 m32s-16\"><img decoding=\"async\" src=\"https:\/\/www.brandenburg-havelland.de\/tap_goebel_bf\/wp-content\/uploads\/2023\/02\/futterbestellung.jpg\" width=\"800\" height=\"578\" alt=\"Futterbestellung f\u00fcr Ihr Heimtier\" loading=\"lazy\"><\/span><\/div><div class=\"x-col e3988-e17 m32s-m m32s-n\"><div class=\"x-text x-text-headline e3988-e18 m32s-p m32s-q m32s-s m32s-u m32s-y m32s-10 m32s-11\"><div class=\"x-text-content\"><div class=\"x-text-content-text\"><h2 class=\"x-text-content-text-primary\">Futterbestellung<\/h2><\/div><\/div><\/div><div class=\"x-text x-content e3988-e19 m32s-17 m32s-18\"><p>Als Kunde unserer Praxis k\u00f6nnen Sie das Futter f\u00fcr Ihr Haustier ganz bequem und jederzeit \u00fcber unser Formular bestellen.<br \/><br \/> Teilen Sie uns dabei m\u00f6glichst die genaue Bezeichnung und Packungsgr\u00f6sse, sowie die gew\u00fcnschte Menge mit.<br \/><br \/> Wir informieren Sie per Email oder Telefon, wenn Ihre Bestellung in der Praxis anholbereit ist. Achten Sie bitte jeweils darauf, Ihre Artikel rechtzeitig zu bestellen, da wir ggf. mit Lieferzeiten seitens des Herstellers rechnen m\u00fcssen.<\/p><\/div><\/div><\/div><\/div><\/div><div class=\"x-section e3988-e20 m32s-0 m32s-2 m32s-4\"><div class=\"x-bg\" aria-hidden=\"true\"><div class=\"x-bg-layer-lower-image\" data-x-element-bg-layer=\"{&quot;parallaxSize&quot;:&quot;200%&quot;,&quot;parallaxDir&quot;:&quot;v&quot;,&quot;parallaxRev&quot;:false}\"><\/div><div class=\"x-bg-layer-upper-color\" style=\" background-color: rgba(0, 97, 97 0.9);\"><\/div><\/div><div class=\"x-row x-container max width e3988-e21 m32s-5 m32s-6 m32s-7 m32s-8 m32s-d m32s-j\"><div class=\"x-row-inner\"><div class=\"x-col e3988-e22 m32s-l m32s-m m32s-o\"><div class=\"x-text x-text-headline e3988-e23 m32s-q m32s-r m32s-w m32s-10 m32s-12\"><div class=\"x-text-content\"><div class=\"x-text-content-text\"><h1 class=\"x-text-content-text-primary\">Bestellung<\/h1><\/div><\/div><\/div><\/div><\/div><\/div><div class=\"x-row x-container max width e3988-e24 m32s-6 m32s-9 m32s-c m32s-f m32s-k\"><div class=\"x-row-inner\"><div class=\"x-col e3988-e25 m32s-m m32s-n\"><div style=\"color:#fff\">\n\n<div class=\"wpcf7 no-js\" id=\"wpcf7-f4096-o1\" lang=\"de-DE\" dir=\"ltr\" data-wpcf7-id=\"4096\">\n<div class=\"screen-reader-response\"><p role=\"status\" aria-live=\"polite\" aria-atomic=\"true\"><\/p> <ul><\/ul><\/div>\n<form action=\"\/tap_goebel_bf\/wp-json\/wp\/v2\/pages\/3988#wpcf7-f4096-o1\" method=\"post\" class=\"wpcf7-form init\" aria-label=\"Kontaktformular\" novalidate=\"novalidate\" data-status=\"init\">\n<div style=\"display: none;\">\n<input type=\"hidden\" name=\"_wpcf7\" value=\"4096\" \/>\n<input type=\"hidden\" name=\"_wpcf7_version\" value=\"6.0.6\" \/>\n<input type=\"hidden\" name=\"_wpcf7_locale\" value=\"de_DE\" \/>\n<input type=\"hidden\" name=\"_wpcf7_unit_tag\" value=\"wpcf7-f4096-o1\" \/>\n<input type=\"hidden\" name=\"_wpcf7_container_post\" value=\"0\" \/>\n<input type=\"hidden\" name=\"_wpcf7_posted_data_hash\" value=\"\" \/>\n<\/div>\n<div class=\"myform\">\n\t<div class=\"w_50_l\">\n\t\t<p><label> Vor und Nachname*<br \/>\n<span class=\"wpcf7-form-control-wrap\" data-name=\"vnname\"><input size=\"40\" maxlength=\"400\" class=\"wpcf7-form-control wpcf7-text wpcf7-validates-as-required\" aria-required=\"true\" aria-invalid=\"false\" value=\"\" type=\"text\" name=\"vnname\" \/><\/span> <\/label>\n\t\t<\/p>\n\t<\/div>\n\t<div class=\"w_50_r\">\n\t\t<p><label> Tiername*<br \/>\n<span class=\"wpcf7-form-control-wrap\" data-name=\"tiername\"><input size=\"40\" maxlength=\"400\" class=\"wpcf7-form-control wpcf7-text wpcf7-validates-as-required\" aria-required=\"true\" aria-invalid=\"false\" value=\"\" type=\"text\" name=\"tiername\" \/><\/span> <\/label>\n\t\t<\/p>\n\t<\/div>\n\t<div class=\"w_50_l\">\n\t\t<p><label> Telefon*<br \/>\n<span class=\"wpcf7-form-control-wrap\" data-name=\"telefon\"><input size=\"40\" maxlength=\"400\" class=\"wpcf7-form-control wpcf7-tel wpcf7-validates-as-required wpcf7-text wpcf7-validates-as-tel\" aria-required=\"true\" aria-invalid=\"false\" value=\"\" type=\"tel\" name=\"telefon\" \/><\/span> <\/label>\n\t\t<\/p>\n\t<\/div>\n\t<div class=\"w_50_r\">\n\t\t<p><label> Deine Email*<br \/>\n<span class=\"wpcf7-form-control-wrap\" data-name=\"your-email\"><input size=\"40\" maxlength=\"400\" class=\"wpcf7-form-control wpcf7-email wpcf7-validates-as-required wpcf7-text wpcf7-validates-as-email\" aria-required=\"true\" aria-invalid=\"false\" value=\"\" type=\"email\" name=\"your-email\" \/><\/span> <\/label>\n\t\t<\/p>\n\t<\/div>\n\t<div class=\"w_50_l\">\n\t\t<p><label> Medikament | Futter*<br \/>\n<span class=\"wpcf7-form-control-wrap\" data-name=\"medikament\"><input size=\"40\" maxlength=\"400\" class=\"wpcf7-form-control wpcf7-text wpcf7-validates-as-required\" aria-required=\"true\" aria-invalid=\"false\" value=\"\" type=\"text\" name=\"medikament\" \/><\/span> <\/label>\n\t\t<\/p>\n\t<\/div>\n\t<div class=\"w_50_r\">\n\t\t<p><label> ggf. Packungsgr\u00f6sse<br \/>\n<span class=\"wpcf7-form-control-wrap\" data-name=\"packunksgoesse\"><input size=\"40\" maxlength=\"400\" class=\"wpcf7-form-control wpcf7-text\" aria-invalid=\"false\" value=\"\" type=\"text\" name=\"packunksgoesse\" \/><\/span> <\/label>\n\t\t<\/p>\n\t<\/div>\n\t<div class=\"w_50_l\">\n\t\t<p><label> Menge*<br \/>\n<span class=\"wpcf7-form-control-wrap\" data-name=\"menge\"><input size=\"40\" maxlength=\"400\" class=\"wpcf7-form-control wpcf7-text wpcf7-validates-as-required\" aria-required=\"true\" aria-invalid=\"false\" value=\"\" type=\"text\" name=\"menge\" \/><\/span> <\/label>\n\t\t<\/p>\n\t<\/div>\n\t<div class=\"w_50_r\">\n\t\t<p><label> Infomieren Sie mich<br \/>\n<span class=\"wpcf7-form-control-wrap\" data-name=\"Informationsart\"><select class=\"wpcf7-form-control wpcf7-select wpcf7-validates-as-required\" aria-required=\"true\" aria-invalid=\"false\" name=\"Informationsart\"><option value=\"per E-Mail\">per E-Mail<\/option><option value=\"per Telefon\">per Telefon<\/option><\/select><\/span> <\/label>\n\t\t<\/p>\n\t<\/div>\n\t<div class=\"w_100\">\n\t\t<p><label> Bemerkungen<br \/>\n<span class=\"wpcf7-form-control-wrap\" data-name=\"bemerkungen\"><textarea cols=\"40\" rows=\"10\" maxlength=\"2000\" class=\"wpcf7-form-control wpcf7-textarea\" aria-invalid=\"false\" name=\"bemerkungen\"><\/textarea><\/span> <\/label>\n\t\t<\/p>\n\t<\/div>\n\t<p><span class=\"wpcf7-form-control-wrap\" data-name=\"datenschutz\"><span class=\"wpcf7-form-control wpcf7-acceptance optional\"><span class=\"wpcf7-list-item\"><label><input type=\"checkbox\" name=\"datenschutz\" value=\"1\" aria-invalid=\"false\" \/><span class=\"wpcf7-list-item-label\">Ich willige ein, dass meine Angaben zur Kontaktaufnahme und Zuordnung f\u00fcr eventuelle R\u00fcckfragen dauerhaft gespeichert werden. Hinweis: Diese Einwilligung k\u00f6nnen Sie jederzeit mit Wirkung f\u00fcr die Zukunft widerrufen, indem Sie eine E-Mail an mail@tierarzt-goebel.de schicken.<\/span><\/label><\/span><\/span><\/span>\n\t<\/p>\n\t<p><input class=\"wpcf7-form-control wpcf7-submit has-spinner\" type=\"submit\" value=\"Senden\" \/>\n\t<\/p>\n<\/div><input type='hidden' class='wpcf7-pum' value='{\"closepopup\":false,\"closedelay\":0,\"openpopup\":false,\"openpopup_id\":0}' \/><div class=\"wpcf7-response-output\" aria-hidden=\"true\"><\/div>\n<\/form>\n<\/div>\n\n<\/div><\/div><div class=\"x-col e3988-e27 m32s-m m32s-n\"><div class=\"x-text x-content e3988-e28 m32s-18 m32s-19\">Ihre Angaben werden von uns vertraulich behandelt und nicht an Dritte weiter gegeben.\u00a0Unsere Datenschutzerkl\u00e4rung finden Sie <a href=\"..\/datenschutz\" style=\"color:#fff; text-decoration:underline\">hier<\/a> .Ihre Angaben und Daten werden zur Erf\u00fcllung Ihrer Bestellung elektronisch erhoben und verarbeitet werden. Daher werden diese Daten gespeichert, ebenso f\u00fcr den Fall, dass Anschlussfragen entstehen. Sie k\u00f6nnen Ihre Einwilligung jederzeit f\u00fcr die Zukunft per E-Mail an <a href=\"mailto:\"mail@tierarzt-goebel.de\" style=\"color:#fff; text-decoration:underline\">mail@tierarzt-goebel.de<\/a> widerrufen.<\/div><\/div><\/div><\/div><\/div><\/div>\n","protected":false},"excerpt":{"rendered":"<p>FutterbestellungBestellen Sie Futter direkt onlineDirekt \u00fcber unser BestellformularFutterbestellungAls Kunde unserer Praxis k\u00f6nnen Sie das Futter f\u00fcr Ihr Haustier ganz bequem und jederzeit \u00fcber unser Formular bestellen. Teilen Sie uns dabei m\u00f6glichst die genaue Bezeichnung und Packungsgr\u00f6sse, sowie die gew\u00fcnschte Menge mit. Wir informieren Sie per Email oder Telefon, wenn Ihre Bestellung in der Praxis anholbereit ist. Achten Sie bitte jeweils &#8230; <\/p>\n<div><a href=\"https:\/\/www.brandenburg-havelland.de\/tap_goebel_bf\/futterbestellung\/\" class=\"more-link\">Read More<\/a><\/div>\n","protected":false},"author":2,"featured_media":0,"parent":0,"menu_order":13,"comment_status":"closed","ping_status":"closed","template":"template-blank-4.php","meta":{"footnotes":""},"class_list":["post-3988","page","type-page","status-publish","hentry","no-post-thumbnail"],"aioseo_notices":[],"_links":{"self":[{"href":"https:\/\/www.brandenburg-havelland.de\/tap_goebel_bf\/wp-json\/wp\/v2\/pages\/3988","targetHints":{"allow":["GET"]}}],"collection":[{"href":"https:\/\/www.brandenburg-havelland.de\/tap_goebel_bf\/wp-json\/wp\/v2\/pages"}],"about":[{"href":"https:\/\/www.brandenburg-havelland.de\/tap_goebel_bf\/wp-json\/wp\/v2\/types\/page"}],"author":[{"embeddable":true,"href":"https:\/\/www.brandenburg-havelland.de\/tap_goebel_bf\/wp-json\/wp\/v2\/users\/2"}],"replies":[{"embeddable":true,"href":"https:\/\/www.brandenburg-havelland.de\/tap_goebel_bf\/wp-json\/wp\/v2\/comments?post=3988"}],"version-history":[{"count":8,"href":"https:\/\/www.brandenburg-havelland.de\/tap_goebel_bf\/wp-json\/wp\/v2\/pages\/3988\/revisions"}],"predecessor-version":[{"id":4117,"href":"https:\/\/www.brandenburg-havelland.de\/tap_goebel_bf\/wp-json\/wp\/v2\/pages\/3988\/revisions\/4117"}],"wp:attachment":[{"href":"https:\/\/www.brandenburg-havelland.de\/tap_goebel_bf\/wp-json\/wp\/v2\/media?parent=3988"}],"curies":[{"name":"wp","href":"https:\/\/api.w.org\/{rel}","templated":true}]}}