{"id":3645,"date":"2020-12-16T08:30:29","date_gmt":"2020-12-16T07:30:29","guid":{"rendered":"https:\/\/www.brandenburg-havelland.de\/tap_goebel_bf\/?page_id=3645"},"modified":"2025-05-19T18:16:59","modified_gmt":"2025-05-19T16:16:59","slug":"online-sprechstunde","status":"publish","type":"page","link":"https:\/\/www.brandenburg-havelland.de\/tap_goebel_bf\/online-sprechstunde\/","title":{"rendered":"Online-Sprechstunde"},"content":{"rendered":"<div id=\"cs-content\" class=\"cs-content\"><div class=\"x-section e3645-e1 m2t9-0 m2t9-1 m2t9-2\"><div class=\"x-bg\" aria-hidden=\"true\"><div class=\"x-bg-layer-lower-image\" style=\" background-image: url(https:\/\/www.brandenburg-havelland.de\/tap_goebel_bf\/wp-content\/uploads\/2020\/12\/diagnose_3.jpg); background-repeat: no-repeat; background-position: center; background-size: cover;\"><\/div><div class=\"x-bg-layer-upper-color\" style=\" background-color: rgba(0, 97, 97, 0.8);\"><\/div><\/div><div class=\"x-row x-container max width e3645-e2 m2t9-5 m2t9-6 m2t9-7 m2t9-8 m2t9-d m2t9-e\"><div class=\"x-row-inner\"><div class=\"x-col e3645-e3 m2t9-m m2t9-n m2t9-o\"><div class=\"x-text x-text-headline e3645-e4 m2t9-q m2t9-r m2t9-s m2t9-t m2t9-u m2t9-v m2t9-w m2t9-x\"><div class=\"x-text-content\"><div class=\"x-text-content-text\"><h1 class=\"x-text-content-text-primary\">Video-Sprechstunden f\u00fcr Sie<\/h1><\/div><\/div><\/div><\/div><\/div><\/div><\/div><div class=\"x-section e3645-e5 m2t9-0 m2t9-3 m2t9-4\"><div class=\"x-row x-container max width e3645-e6 m2t9-5 m2t9-6 m2t9-7 m2t9-9 m2t9-f m2t9-g\"><div class=\"x-row-inner\"><div class=\"x-col e3645-e7 m2t9-n m2t9-o\"><div class=\"x-text x-text-headline e3645-e8 m2t9-r m2t9-s m2t9-t m2t9-u m2t9-w m2t9-y m2t9-z\"><div class=\"x-text-content\"><div class=\"x-text-content-text\"><h2 class=\"x-text-content-text-primary\">Unser neuer Service f\u00fcr Sie:<br \/>\nInternet-Sprechstunde in unserer Tierarztpraxis<\/h2><\/div><\/div><\/div><\/div><\/div><\/div><div class=\"x-row x-container max width e3645-e9 m2t9-5 m2t9-6 m2t9-7 m2t9-9 m2t9-f m2t9-h\"><div class=\"x-row-inner\"><div class=\"x-col e3645-e10 m2t9-n m2t9-o\"><div class=\"x-text x-text-headline e3645-e11 m2t9-q m2t9-r m2t9-w m2t9-10 m2t9-11 m2t9-12\"><div class=\"x-text-content\"><div class=\"x-text-content-text\"><h3 class=\"x-text-content-text-primary\">Video-Sprechstunde f\u00fcr Sie.<\/h3><\/div><\/div><\/div><hr class=\"x-line e3645-e12 m2t9-14 m2t9-15\"><\/hr><hr class=\"x-line e3645-e13 m2t9-15 m2t9-16\"><\/hr><\/div><\/div><\/div><div class=\"x-row x-container max width e3645-e14 m2t9-6 m2t9-a m2t9-b m2t9-i m2t9-j\"><div class=\"x-row-inner\"><div class=\"x-col e3645-e15 m2t9-n m2t9-o\"><span class=\"x-image e3645-e16 m2t9-17\"><img decoding=\"async\" src=\"https:\/\/www.brandenburg-havelland.de\/tap_goebel_bf\/wp-content\/uploads\/2024\/08\/EOS_5857-scaled.jpg\" width=\"853\" height=\"1280\" alt=\"Online Terminvereinbarung\" loading=\"lazy\"><\/span><\/div><div class=\"x-col e3645-e17 m2t9-n m2t9-o\"><div class=\"x-text x-content e3645-e18 m2t9-18 m2t9-19\"><p>Ab sofort bieten wir eine Video-Sprechstunde f\u00fcr alle Tierbesitzer an. Hier k\u00f6nnen Sie einen Termin f\u00fcr unseren neuen Online-Service vereinbaren. Wir k\u00f6nnen vorab mit Ihnen zusammen einen ersten Eindruck \u00fcber Ihr Tier erhalten und weitere Ma\u00dfnahmen mit Ihnen gemeinsam besprechen. Sollte Ihnen ein Praxisbesuch wegen zu gro\u00dfer Entfernung oder aus Krankheitsgr\u00fcnden nicht pers\u00f6nlich m\u00f6glich sein, hilft Ihnen die Video-Arztsprechstunde gerne weiter.<\/p>\n<p>Dazu vereinbaren Sie bitte zun\u00e4chst \u00fcber unser Formular einen Termin f\u00fcr die Video-Konferenz. In einer Email best\u00e4tigen wir Ihren Termin oder nennen Ihnen einen alternativen Zeitpunkt f\u00fcr die Video-Konsultation durch einen unserer \u00c4rzte.<\/p>\n<p>Per Email erhalten Sie den Zugangscode f\u00fcr die vereinbarte Internet-Sprechstunde.<\/p>\n<p>Sie k\u00f6nnen an der Online-Sprechstunde sowohl mit Ihrem Smartphone als auch mit Ihrem Notebook oder Desktop-PC teilnehmen. (<strong>Kamera und Mikrofon M\u00dcSSEN<\/strong> vorhanden sein).<\/p>\n<p><strong>Hinweis: Die Online-Sprechstunde wird mit 28 Euro pro angefangene 15 Minuten berechnet. Sie erhalten eine Rechnung.<\/strong><\/p>\n<p>Bitte w\u00e4hlen Sie, ob Sie bereits Kunde bei uns sind oder nicht:<\/p><\/div><div class=\"x-anchor x-anchor-toggle e3645-e19 m2t9-1b m2t9-1c m2t9-1d\" tabindex=\"0\" role=\"button\" data-x-toggle=\"1\" data-x-toggleable=\"e3645-e19\" data-x-toggle-overlay=\"1\" aria-controls=\"e3645-e19-modal\" aria-expanded=\"false\" aria-haspopup=\"true\" aria-label=\"Toggle Modal Content\"><div class=\"x-anchor-content\"><div class=\"x-anchor-text\"><span class=\"x-anchor-text-primary\">ICH BIN BEREITS KUNDE<\/span><\/div><\/div><\/div><div class=\"x-anchor x-anchor-toggle e3645-e21 m2t9-1c m2t9-1d m2t9-1e m2t9-1f\" tabindex=\"0\" role=\"button\" data-x-toggle=\"1\" data-x-toggleable=\"e3645-e21\" data-x-toggle-overlay=\"1\" aria-controls=\"e3645-e21-modal\" aria-expanded=\"false\" aria-haspopup=\"true\" aria-label=\"Toggle Modal Content\"><div class=\"x-anchor-content\"><div class=\"x-anchor-text\"><span class=\"x-anchor-text-primary\">ICH M\u00d6CHTE MICH NEU ANMELDEN<\/span><\/div><\/div><\/div><\/div><\/div><\/div><div class=\"x-row x-container max width e3645-e23 m2t9-6 m2t9-7 m2t9-a m2t9-c m2t9-i m2t9-k\"><div class=\"x-row-inner\"><div class=\"x-col e3645-e24 m2t9-n m2t9-o\"><div class=\"x-text x-text-headline e3645-e25 m2t9-q m2t9-r m2t9-u m2t9-10 m2t9-11 m2t9-13\"><div class=\"x-text-content\"><div class=\"x-text-content-text\"><h2 class=\"x-text-content-text-primary\">Technische Hinweise<\/h2><\/div><\/div><\/div><div class=\"x-text x-content e3645-e26 m2t9-19 m2t9-1a\"><p>Damit Sie unsere Internet-Sprechstunde nutzen k\u00f6nnen, sollten Sie einige notwendige technische Voraussetzungen beachten. F\u00fcr die Video-Sprechstunde ben\u00f6tigen Sie:<\/p>\n\n<ul>\n<li>Internetzugang<\/li>\n<li>Laptop mit <strong>Kamera\/Webcam<\/strong> und Lautsprecher oder ein<\/li>\n<li>Smartphone bzw. Tablet mit Frontkamera, <strong>Mikrofon und Lautsprecher<\/strong><\/li>\n<li>Beim Smartphone bzw. Tablet eine stabile LTE-Verbindung (besser WLAN)<\/li>\n<li>Es werden die Internetbrowser Google Chrome, Mozilla Firefox, Quantum, Opera oder Safari unterst\u00fctzt.<\/li>\n<\/ul>\n\n<p>Falls Sie eine <strong>externe Kamera \/ Webcam<\/strong> oder ein <strong>externes Mikrofon<\/strong> verwenden, sollten diese Ger\u00e4te vor dem \u00d6ffnen des Internetbrowsers und vor Ihrer Anmeldung an den Laptop oder das Tablet angeschlossen werden.<\/p><\/div><\/div><\/div><\/div><\/div><div class=\"x-section e3645-e27 m2t9-0 m2t9-2 m2t9-3\"><div class=\"x-bg\" aria-hidden=\"true\"><div class=\"x-bg-layer-lower-image\" data-x-element-bg-layer=\"{&quot;parallaxSize&quot;:&quot;200%&quot;,&quot;parallaxDir&quot;:&quot;v&quot;,&quot;parallaxRev&quot;:false}\" style=\" background-image: url(https:\/\/www.brandenburg-havelland.de\/tap_goebel_bf\/wp-content\/uploads\/2020\/12\/diagnose_3.jpg); background-repeat: no-repeat; background-position: center; background-size: cover;\"><\/div><div class=\"x-bg-layer-upper-color\" style=\" background-color: rgba(0, 97, 97, 0.8);\"><\/div><\/div><div class=\"x-row x-container max width e3645-e28 m2t9-5 m2t9-6 m2t9-7 m2t9-8 m2t9-d m2t9-l\"><div class=\"x-row-inner\"><div class=\"x-col e3645-e29 m2t9-m m2t9-n m2t9-p\"><div class=\"x-text x-text-headline e3645-e30 m2t9-r m2t9-s m2t9-w m2t9-x m2t9-y m2t9-11 m2t9-12\"><div class=\"x-text-content\"><div class=\"x-text-content-text\"><h2 class=\"x-text-content-text-primary\">Wir freuen uns auf Sie<\/h2><\/div><\/div><\/div><a class=\"x-anchor x-anchor-button has-graphic e3645-e31 m2t9-1d m2t9-1f m2t9-1g\" tabindex=\"0\" href=\"https:\/\/www.brandenburg-havelland.de\/tap_goebel_bf\/kontakt\/\"><div class=\"x-anchor-content\"><span class=\"x-graphic\" aria-hidden=\"true\"><i class=\"x-icon x-graphic-child x-graphic-icon x-graphic-primary\" aria-hidden=\"true\" data-x-icon-l=\"&#xf073;\"><\/i><\/span><div class=\"x-anchor-text\"><span class=\"x-anchor-text-primary\">Terminanfrage<\/span><\/div><\/div><\/a><\/div><\/div><\/div><\/div><\/div>\n","protected":false},"excerpt":{"rendered":"<p>Video-Sprechstunden f\u00fcr SieUnser neuer Service f\u00fcr Sie: Internet-Sprechstunde in unserer TierarztpraxisVideo-Sprechstunde f\u00fcr Sie.Ab sofort bieten wir eine Video-Sprechstunde f\u00fcr alle Tierbesitzer an. Hier k\u00f6nnen Sie einen Termin f\u00fcr unseren neuen Online-Service vereinbaren. Wir k\u00f6nnen vorab mit Ihnen zusammen einen ersten Eindruck \u00fcber Ihr Tier erhalten und weitere Ma\u00dfnahmen mit Ihnen gemeinsam besprechen. Sollte Ihnen ein Praxisbesuch wegen zu gro\u00dfer Entfernung &#8230; <\/p>\n<div><a href=\"https:\/\/www.brandenburg-havelland.de\/tap_goebel_bf\/online-sprechstunde\/\" class=\"more-link\">Read More<\/a><\/div>\n","protected":false},"author":1,"featured_media":0,"parent":0,"menu_order":13,"comment_status":"closed","ping_status":"closed","template":"template-blank-4.php","meta":{"footnotes":""},"class_list":["post-3645","page","type-page","status-publish","hentry","no-post-thumbnail"],"aioseo_notices":[],"_links":{"self":[{"href":"https:\/\/www.brandenburg-havelland.de\/tap_goebel_bf\/wp-json\/wp\/v2\/pages\/3645","targetHints":{"allow":["GET"]}}],"collection":[{"href":"https:\/\/www.brandenburg-havelland.de\/tap_goebel_bf\/wp-json\/wp\/v2\/pages"}],"about":[{"href":"https:\/\/www.brandenburg-havelland.de\/tap_goebel_bf\/wp-json\/wp\/v2\/types\/page"}],"author":[{"embeddable":true,"href":"https:\/\/www.brandenburg-havelland.de\/tap_goebel_bf\/wp-json\/wp\/v2\/users\/1"}],"replies":[{"embeddable":true,"href":"https:\/\/www.brandenburg-havelland.de\/tap_goebel_bf\/wp-json\/wp\/v2\/comments?post=3645"}],"version-history":[{"count":20,"href":"https:\/\/www.brandenburg-havelland.de\/tap_goebel_bf\/wp-json\/wp\/v2\/pages\/3645\/revisions"}],"predecessor-version":[{"id":4116,"href":"https:\/\/www.brandenburg-havelland.de\/tap_goebel_bf\/wp-json\/wp\/v2\/pages\/3645\/revisions\/4116"}],"wp:attachment":[{"href":"https:\/\/www.brandenburg-havelland.de\/tap_goebel_bf\/wp-json\/wp\/v2\/media?parent=3645"}],"curies":[{"name":"wp","href":"https:\/\/api.w.org\/{rel}","templated":true}]}}