{"id":3626,"date":"2020-12-16T07:25:31","date_gmt":"2020-12-16T06:25:31","guid":{"rendered":"https:\/\/www.brandenburg-havelland.de\/tap_goebel_bf\/?page_id=3626"},"modified":"2025-05-19T18:13:51","modified_gmt":"2025-05-19T16:13:51","slug":"diagnostik","status":"publish","type":"page","link":"https:\/\/www.brandenburg-havelland.de\/tap_goebel_bf\/diagnostik\/","title":{"rendered":"Diagnostik"},"content":{"rendered":"<div id=\"cs-content\" class=\"cs-content\"><div class=\"x-section e3626-e1 m2sq-0 m2sq-1 m2sq-2\"><div class=\"x-bg\" aria-hidden=\"true\"><div class=\"x-bg-layer-lower-image\"><\/div><\/div><div class=\"x-row e3626-e2 m2sq-6 m2sq-7 m2sq-8 m2sq-9 m2sq-a m2sq-h\"><div class=\"x-row-inner\"><div class=\"x-col e3626-e3 m2sq-p m2sq-q\">\n\t\t\t<!-- START SliderDiagnostik REVOLUTION SLIDER 6.7.23 --><p class=\"rs-p-wp-fix\"><\/p>\n\t\t\t<rs-module-wrap id=\"rev_slider_4_1_wrapper\" data-source=\"gallery\" style=\"visibility:hidden;background:transparent;padding:0;margin:0px auto;margin-top:0;margin-bottom:0;\">\n\t\t\t\t<rs-module id=\"rev_slider_4_1\" style=\"\" data-version=\"6.7.23\">\n\t\t\t\t\t<rs-slides style=\"overflow: hidden; position: absolute;\">\n\t\t\t\t\t\t<rs-slide style=\"position: absolute;\" data-key=\"rs-14\" data-title=\"Slide\" data-thumb=\"\/\/www.brandenburg-havelland.de\/tap_goebel_bf\/wp-content\/uploads\/2020\/12\/diagnose_1-50x100.jpg\" data-duration=\"5000ms\" data-anim=\"adpr:false;\" data-in=\"o:0;\" data-out=\"a:false;\">\n\t\t\t\t\t\t\t<img decoding=\"async\" src=\"\/\/www.brandenburg-havelland.de\/tap_goebel_bf\/wp-content\/plugins\/revslider\/sr6\/assets\/assets\/dummy.png\" alt=\"Diagnostik Dr. G\u00f6bel\" title=\"Behandlung Diagnose Tierarztpraxis Dr. G\u00f6bel\" width=\"1920\" height=\"640\" class=\"rev-slidebg tp-rs-img rs-lazyload\" data-lazyload=\"\/\/www.brandenburg-havelland.de\/tap_goebel_bf\/wp-content\/uploads\/2020\/12\/diagnose_1.jpg\" data-panzoom=\"d:10000;ss:100;se:110%;\" data-no-retina>\n<!--\n\t\t\t\t\t\t\t--><rs-layer\n\t\t\t\t\t\t\t\tid=\"slider-4-slide-14-layer-0\" \n\t\t\t\t\t\t\t\tdata-type=\"text\"\n\t\t\t\t\t\t\t\tdata-rsp_ch=\"on\"\n\t\t\t\t\t\t\t\tdata-xy=\"xo:80px,66px,50px,30px;yo:100px,82px,62px,38px;\"\n\t\t\t\t\t\t\t\tdata-text=\"w:normal;s:54,44,33,36;l:54,44,33,20;\"\n\t\t\t\t\t\t\t\tdata-padding=\"t:15,12,9,15;r:15,12,9,15;b:15,12,9,15;l:15,12,9,15;\"\n\t\t\t\t\t\t\t\tdata-frame_0=\"y:-20px,-16px,-12px,-7px;\"\n\t\t\t\t\t\t\t\tdata-frame_999=\"o:0;st:w;\"\n\t\t\t\t\t\t\t\tstyle=\"z-index:5;background-color:#006161;font-family:'Raleway';\"\n\t\t\t\t\t\t\t>Wir h\u00f6ren zu! \n\t\t\t\t\t\t\t<\/rs-layer><!--\n-->\t\t\t\t\t<\/rs-slide>\n\t\t\t\t\t\t<rs-slide style=\"position: absolute;\" data-key=\"rs-17\" data-title=\"Slide\" data-thumb=\"\/\/www.brandenburg-havelland.de\/tap_goebel_bf\/wp-content\/uploads\/2021\/08\/dr-goebel-mikroskop-slider-50x100.jpg\" data-duration=\"5000ms\" data-anim=\"adpr:false;\" data-in=\"o:0;\" data-out=\"a:false;\">\n\t\t\t\t\t\t\t<img decoding=\"async\" src=\"\/\/www.brandenburg-havelland.de\/tap_goebel_bf\/wp-content\/plugins\/revslider\/sr6\/assets\/assets\/dummy.png\" alt=\"\" title=\"dr-goebel-mikroskop-slider\" width=\"1920\" height=\"640\" class=\"rev-slidebg tp-rs-img rs-lazyload\" data-lazyload=\"\/\/www.brandenburg-havelland.de\/tap_goebel_bf\/wp-content\/uploads\/2021\/08\/dr-goebel-mikroskop-slider.jpg\" data-panzoom=\"d:10000;ss:100;se:110%;\" data-no-retina>\n<!--\n\t\t\t\t\t\t\t--><rs-layer\n\t\t\t\t\t\t\t\tid=\"slider-4-slide-17-layer-0\" \n\t\t\t\t\t\t\t\tdata-type=\"text\"\n\t\t\t\t\t\t\t\tdata-rsp_ch=\"on\"\n\t\t\t\t\t\t\t\tdata-xy=\"xo:80px,66px,50px,30px;yo:100px,82px,62px,38px;\"\n\t\t\t\t\t\t\t\tdata-text=\"w:normal;s:54,44,33,36;l:54,44,33,20;\"\n\t\t\t\t\t\t\t\tdata-padding=\"t:15,12,9,15;r:15,12,9,15;b:15,12,9,15;l:15,12,9,15;\"\n\t\t\t\t\t\t\t\tdata-frame_0=\"y:-20px,-16px,-12px,-7px;\"\n\t\t\t\t\t\t\t\tdata-frame_999=\"o:0;st:w;\"\n\t\t\t\t\t\t\t\tstyle=\"z-index:5;background-color:#006161;font-family:'Raleway';\"\n\t\t\t\t\t\t\t>Wir schauen hin! \n\t\t\t\t\t\t\t<\/rs-layer><!--\n-->\t\t\t\t\t<\/rs-slide>\n\t\t\t\t\t\t<rs-slide style=\"position: absolute;\" data-key=\"rs-18\" data-title=\"Slide\" data-thumb=\"\/\/www.brandenburg-havelland.de\/tap_goebel_bf\/wp-content\/uploads\/2020\/12\/diagnose_4-50x100.jpg\" data-duration=\"5000ms\" data-anim=\"adpr:false;\" data-in=\"o:0;\" data-out=\"a:false;\">\n\t\t\t\t\t\t\t<img decoding=\"async\" src=\"\/\/www.brandenburg-havelland.de\/tap_goebel_bf\/wp-content\/plugins\/revslider\/sr6\/assets\/assets\/dummy.png\" alt=\"Cardio Diagnostik\" title=\"Diagnostik\" width=\"1920\" height=\"640\" class=\"rev-slidebg tp-rs-img rs-lazyload\" data-lazyload=\"\/\/www.brandenburg-havelland.de\/tap_goebel_bf\/wp-content\/uploads\/2020\/12\/diagnose_4.jpg\" data-panzoom=\"d:10000;ss:100;se:105%;\" data-no-retina>\n<!--\n\t\t\t\t\t\t\t--><rs-layer\n\t\t\t\t\t\t\t\tid=\"slider-4-slide-18-layer-0\" \n\t\t\t\t\t\t\t\tdata-type=\"text\"\n\t\t\t\t\t\t\t\tdata-rsp_ch=\"on\"\n\t\t\t\t\t\t\t\tdata-xy=\"xo:80px,66px,50px,30px;yo:100px,82px,62px,38px;\"\n\t\t\t\t\t\t\t\tdata-text=\"w:normal,normal,normal,nowrap;s:54,44,33,36;l:54,44,33,36;\"\n\t\t\t\t\t\t\t\tdata-dim=\"w:auto,auto,auto,370px;\"\n\t\t\t\t\t\t\t\tdata-padding=\"t:15,12,9,15;r:15,12,9,30;b:15,12,9,15;l:15,12,9,15;\"\n\t\t\t\t\t\t\t\tdata-frame_0=\"y:-20px,-16px,-12px,-7px;\"\n\t\t\t\t\t\t\t\tdata-frame_999=\"o:0;st:w;\"\n\t\t\t\t\t\t\t\tstyle=\"z-index:5;background-color:#006161;font-family:'Raleway';\"\n\t\t\t\t\t\t\t>Modernste<br \/>Diagnosemethoden \n\t\t\t\t\t\t\t<\/rs-layer><!--\n-->\t\t\t\t\t<\/rs-slide>\n\t\t\t\t\t<\/rs-slides>\n\t\t\t\t<\/rs-module>\n\t\t\t\t<script>\n\t\t\t\t\tsetREVStartSize({c: 'rev_slider_4_1',rl:[1240,1024,778,480],el:[640,480,380,250],gw:[1240,1024,778,480],gh:[640,480,380,250],type:'standard',justify:'',layout:'fullwidth',mh:\"0\"});if (window.RS_MODULES!==undefined && window.RS_MODULES.modules!==undefined && window.RS_MODULES.modules[\"revslider41\"]!==undefined) {window.RS_MODULES.modules[\"revslider41\"].once = false;window.revapi4 = undefined;if (window.RS_MODULES.checkMinimal!==undefined) window.RS_MODULES.checkMinimal()}\n\t\t\t\t<\/script>\n\t\t\t<\/rs-module-wrap>\n\t\t\t<!-- END REVOLUTION SLIDER -->\n<\/div><\/div><\/div><\/div><div class=\"x-section e3626-e5 m2sq-0 m2sq-3 m2sq-4\"><div class=\"x-row x-container max width e3626-e6 m2sq-8 m2sq-b m2sq-c m2sq-i\"><div class=\"x-row-inner\"><div class=\"x-col e3626-e7 m2sq-p m2sq-q\"><div class=\"x-text x-text-headline e3626-e8 m2sq-s m2sq-t m2sq-u\"><div class=\"x-text-content\"><div class=\"x-text-content-text\"><h1 class=\"x-text-content-text-primary\">Diagnostik<\/h1><\/div><\/div><\/div><\/div><\/div><\/div><div class=\"x-row x-container max width e3626-e9 m2sq-6 m2sq-7 m2sq-8 m2sq-9 m2sq-d m2sq-e m2sq-j m2sq-k\"><div class=\"x-row-inner\"><div class=\"x-col e3626-e10 m2sq-p m2sq-q\"><div class=\"x-text x-text-headline e3626-e11 m2sq-s m2sq-t m2sq-v m2sq-w\"><div class=\"x-text-content\"><div class=\"x-text-content-text\"><h2 class=\"x-text-content-text-primary\">Untersuchungen und Behandlungen<\/h2><\/div><\/div><\/div><hr class=\"x-line e3626-e12 m2sq-y m2sq-z m2sq-10\"><\/hr><hr class=\"x-line e3626-e13 m2sq-z m2sq-11\"><\/hr><\/div><\/div><\/div><div class=\"x-row x-container max width e3626-e14 m2sq-6 m2sq-7 m2sq-8 m2sq-e m2sq-f m2sq-l\"><div class=\"x-row-inner\"><div class=\"x-col e3626-e15 m2sq-p m2sq-q\"><div class=\"x-text x-content e3626-e16 m2sq-13 m2sq-14\"><ul>\n<li>Hochaufl\u00f6sendes, digitales R\u00f6ntgen<\/li>\n<li>Hochaufl\u00f6sendes Ultraschall<\/li>\n<li>Herzuntersuchung\/Kardiologie (inkl. Dopplersonografie, EKG, Blutdruck etc.)<\/li>\n<li>Umfangreiches, hochmodernes Sofortlabor: Differenzierte Blut- und Urinuntersuchungen inklusive Spezialparameter (z.B. Schilddr\u00fcsenwerte, Cortisol etc.) jederzeit und kurzfristig im Haus durchf\u00fchrbar.<\/li>\n<li>Zytologische Diagnostik (z.B. von Hautver\u00e4nderungen, Tumoren) direkt in der Praxis mit m\u00f6glichkeit der digitalen Dokumentation der Bilder<\/li>\n<li>Augen-Innendruckmessung (Tonometrie)<\/li>\n<li>Endoskopie: Spiegelung von Ohren, Nasen, Rachen, Luftr\u00f6hre und Bronchien, Magen und Darm, Blase (weibl.), ferner Bauchspiegelung (Laparoskopie) und Gelenkspiegelungen (Arthroskopie) s. auch Men\u00fcpunkt \u201cOperationen\u201d<\/li>\n<\/ul><\/div><\/div><div class=\"x-col e3626-e17 m2sq-p m2sq-q\"><div class=\"x-text x-content e3626-e18 m2sq-13 m2sq-14\">Untersuchungen und Behandlungen richten sich bei uns nach den neuesten Erkenntnissen. Dabei verwenden wir modernste Diagnostikmethoden.<\/div><div class=\"x-text x-content e3626-e19 m2sq-13 m2sq-14\">Entsprechend der gesetzlichen Vorgaben verwenden wir aussschlie\u00dflich f\u00fcr Tiere zugelassene und gepr\u00fcfte Arzneimittel. Humanarzneimittel werden nur bei Therapiel\u00fccken bzw. Therapienotstand angewandt. Zur begleitenden Behandlung von z.B. Gelenk-, Leber-, Herzerkrankungen oder alten Tieren bieten wir zudem hochwertige Pr\u00e4parate auf pflanzlicher Basis an.<\/div><div class=\"x-text x-content e3626-e20 m2sq-14 m2sq-15\">Ebenso erhalten Sie hochwertige Spezialfuttermittel z.B. zur begleitenden Behandlung bei Gelenkproblemen, Harnwegs- und Nierenerkrankungen oder bei Diabetes mellitus.<\/div><\/div><\/div><\/div><\/div><div class=\"x-section e3626-e21 m2sq-0 m2sq-2 m2sq-3\"><div class=\"x-row x-container max width e3626-e22 m2sq-6 m2sq-8 m2sq-c m2sq-d m2sq-e m2sq-j m2sq-m\"><div class=\"x-row-inner\"><div class=\"x-col e3626-e23 m2sq-p m2sq-q\"><div class=\"x-text x-text-headline e3626-e24 m2sq-s m2sq-t m2sq-v m2sq-w\"><div class=\"x-text-content\"><div class=\"x-text-content-text\"><h2 class=\"x-text-content-text-primary\">Onkologie \/ Tumormedizin<\/h2><\/div><\/div><\/div><hr class=\"x-line e3626-e25 m2sq-y m2sq-z m2sq-12\"><\/hr><hr class=\"x-line e3626-e26 m2sq-z m2sq-11\"><\/hr><div class=\"x-text x-content e3626-e27 m2sq-13 m2sq-14 m2sq-16\"><p>Tumorerkrankungen stellen zwangsl\u00e4ufig die h\u00e4ufigste Todesursache bei Hund und Katze dar und fast die H\u00e4lfte aller Hunde \u00fcber 10 Jahre stirbt an Krebs. Daher gewinnt auch die Onkologie in der Tiermedizin immer mehr an Bedeutung.<\/p>\n\n<p>Dennoch ist Krebs bei unseren Haustieren nicht zwangsl\u00e4ufig ein Todesurteil. Viele Erkrankungen k\u00f6nnen geheilt oder zumindest f\u00fcr l\u00e4ngere Zeit unter Kontrolle gehalten werden und dabei ein hohes Ma\u00df an Lebensqualit\u00e4t f\u00fcr Ihr Tier gewahrt werden.<\/p>\n\n<p>Zur Behandlung einer Krebserkrankung ist die exakte Diagnose der wichtigste Schritt. Nur so l\u00e4sst sich eine gezielte Therapie ausw\u00e4hlen. R\u00f6ntgen, Ultraschall und Blutuntersuchungen helfen, ebenso wie die mikroskopische  (zytologische) Untersuchung von Gewebeproben aus dem Tumorgewebe, Knochenmark oder sonstiger K\u00f6rperfl\u00fcssigkeiten. Die Ergebnisse dieser Untersuchungen erm\u00f6glichen es, einen Therapieplan zu erstellen und zusammen mit Ihnen die M\u00f6glichkeiten, Chancen und voraussichtlichen Kosten einer Behandlung zu besprechen.<\/p>\n\n<p>F\u00fcr die Behandlungen von Tumorerkrankungen kommen je nach Tumor verschiedene M\u00f6glichkeiten in Frage. Bei manchen Tumoren f\u00fchrt bereits eine fachgerecht durchgef\u00fchrte operative Entfernung zur Heilung. Andere lassen sich effektiv mit speziellen Medikamenten bek\u00e4mpfen, bei wiederum anderen f\u00fchrt eine Kombination aus beidem zu besten Erfolgen. Wir f\u00fchren auch regelm\u00e4\u00dfig Chemotherapien durch. Anders als beim Menschen, kommt es bei Hund und Katze wesentlich seltener zu schweren Nebenwirkungen, die meisten Behandlungen werden sehr gut vertragen. Diese Behandlungen k\u00f6nnen ohne Gefahr f\u00fcr Sie als Tierhalter ambulant bei uns durchgef\u00fchrt werden. Nur sehr selten muss ein Patient station\u00e4r in der Praxis bleiben. Vor jeder Therapie einer Krebserkrankung ist es jedoch unerl\u00e4sslich, herauszufinden um welchen Tumor es sich handelt, ob und wie eine Verbreitung des Tumors im K\u00f6rper stattgefunden hat und welche sinnvollen Therapiem\u00f6glichkeiten zur Verf\u00fcgung stehen.<\/p>\n\n<p>Entgegen der h\u00e4ufigen Annahme, Krebs sei ein Todesurteil, eine unheilbare Krankheit, die mit gro\u00dfem Leiden einhergeht, sind Tumorerkrankungen nicht nur h\u00e4ufig gut behandelbar, sondern Krebs stellt auch die einzige potenziell heilbare chronische Krankheit dar.<\/p>\n\n<p>Das optimale Ziel einer Krebstherapie ist die Heilung des Patienten. Da dies jedoch h\u00e4ufig nicht erreicht werden kann, hat eine Wiederherstellung bzw. die Erhaltung einer guten Lebensqualit\u00e4t bei gr\u00f6\u00dftm\u00f6glicher Lebensverl\u00e4ngerung oberste Priorit\u00e4t.<\/p>\n\n<p>Nur nach Abkl\u00e4rung dieser Punkte kann eine sinnvolle Beratung hinsichtlich der Prognose des Patienten und der anfallenden Kosten stattfinden, die den Tierbesitzer in die Lage versetzen soll, die bestm\u00f6gliche Entscheidung f\u00fcr sich und das Tier zu treffen.<\/p>\n\n<p>Um die richtige Therapie ausw\u00e4hlen zu k\u00f6nnen, ist es unerl\u00e4sslich, den vorliegenden Tumor zu identifizieren. Die Lokalisation und Verteilung des Tumors im K\u00f6rper und seine Auswirkungen auf den Organismus sollten mittels weiterf\u00fchrender Diagnostik abgekl\u00e4rt werden. Neben Blutuntersuchungen und bildgebenden Verfahren wie R\u00f6ntgen und Ultraschall k\u00f6nnen in Einzelf\u00e4llen auch weitere Untersuchungen wie die Endoskopie, Knochenmarkspunktionen und Lymphknoten- oder Organbiopsien n\u00f6tig werden.<\/p>\n\n<p>Sobald eine sichere Diagnose gestellt werden konnte, wird zusammen mit dem Besitzer und unter Ber\u00fccksichtigung der Prognose eine Behandlungsentscheidung getroffen.<\/p>\n\n<p>Die \u00e4lteste und noch immer wichtigste Form der Krebsbehandlung stellt die Chirurgie dar, mit deren Hilfe bei rechtzeitigem Eingreifen h\u00e4ufig eine Heilung des Patienten herbeigef\u00fchrt werden kann.<\/p>\n\n<p>Handelt es sich um systemische Tumorerkrankungen oder ist eine Tumorentfernung mittels Chirurgie nicht m\u00f6glich oder nicht ausreichend, so kann die Behandlung mit Chemotherapeutika erfolgsversprechend sein.<\/p>\n\n<p>Da eine Chemotherapie in der Tiermedizin nur in seltenen F\u00e4llen eine Heilung erzielen kann, ist das oberste Ziel \u2013 h\u00e4ufig anders als in der Humanmedizin \u2013 neben einer Verl\u00e4ngerung des Lebens die Aufrechterhaltung einer guten Lebensqualit\u00e4t.<\/p>\n\n<p>Obwohl der Gro\u00dfteil unserer Patienten w\u00e4hrend der ambulant durchgef\u00fchrten Chemotherapie keinerlei Nebenwirkungen zeigt und sich im Gegenteil dazu h\u00e4ufig das zuvor gest\u00f6rte Allgemeinbefinden schon w\u00e4hrend der Tumortherapie verbessert, sind auch in der Tiermedizin unerw\u00fcnschte Wirkungen m\u00f6glich. Die meisten Nebenwirkungen verschwinden aber auch ohne Behandlung schon nach kurzer Zeit wieder bzw. k\u00f6nnen vielfach durch andere Medikamente (zum Beispiel gegen \u00dcbelkeit) oder verl\u00e4ngerten Intervallen zwischen zwei Chemotherapien verhindert werden. Nur in seltenen Einzelf\u00e4llen ist eine station\u00e4re Aufnahme des Patienten oder ein Abbruch der Therapie erforderlich.<\/p><\/div><\/div><\/div><\/div><\/div><div class=\"x-section e3626-e28 m2sq-0 m2sq-3 m2sq-4\"><div class=\"x-row x-container max width e3626-e29 m2sq-6 m2sq-8 m2sq-c m2sq-d m2sq-e m2sq-j m2sq-n\"><div class=\"x-row-inner\"><div class=\"x-col e3626-e30 m2sq-p m2sq-q\"><div class=\"x-text x-text-headline e3626-e31 m2sq-s m2sq-t m2sq-v m2sq-w\"><div class=\"x-text-content\"><div class=\"x-text-content-text\"><h2 class=\"x-text-content-text-primary\">Labordiagnostik<\/h2><\/div><\/div><\/div><hr class=\"x-line e3626-e32 m2sq-y m2sq-z m2sq-10\"><\/hr><hr class=\"x-line e3626-e33 m2sq-z m2sq-11\"><\/hr><div class=\"x-text x-content e3626-e34 m2sq-13 m2sq-14\"><p>Unser modernes, gut ausgestattetes Labor erm\u00f6glicht innerhalb kurzer Zeit die exakte und umfangreiche Untersuchung von Blut-, Urin- und Kotproben. Es k\u00f6nnen Differenzialblutbilder, Organprofile und Hormonuntersuchungen (z.B. Schilddr\u00fcse, Nebenniere), spezielle Kotuntersuchungen auf Viren und Parasiten etc. sofort durchgef\u00fchrt werden.<\/p>\n\n<p>Wir untersuchen Abstriche mikroskopisch im Haus mit Fotodokumentation, ferner werden Bakterienkulturen angelegt und auf Antibiotikaresistenzen untersucht, um gezielter therapieren zu k\u00f6nnen.<\/p>\n\n<p>Selbstverst\u00e4ndlich arbeiten wir f\u00fcr Spezialuntersuchung auch mit anerkannten veterin\u00e4rmedizinischen Labors zusammen.<\/p><\/div><\/div><\/div><\/div><\/div><div class=\"x-section e3626-e35 m2sq-0 m2sq-3 m2sq-5\"><div class=\"x-row x-container max width e3626-e36 m2sq-6 m2sq-7 m2sq-8 m2sq-9 m2sq-g m2sq-o\"><div class=\"x-row-inner\"><div class=\"x-col e3626-e37 m2sq-p m2sq-r\"><div class=\"x-text x-text-headline e3626-e38 m2sq-t m2sq-w m2sq-x\"><div class=\"x-text-content\"><div class=\"x-text-content-text\"><h2 class=\"x-text-content-text-primary\">Wir freuen uns auf Sie<\/h2><\/div><\/div><\/div><a class=\"x-anchor x-anchor-button has-graphic e3626-e39 m2sq-17\" tabindex=\"0\" href=\"https:\/\/www.brandenburg-havelland.de\/tap_goebel_bf\/kontakt\/\"><div class=\"x-anchor-content\"><span class=\"x-graphic\" aria-hidden=\"true\"><i class=\"x-icon x-graphic-child x-graphic-icon x-graphic-primary\" aria-hidden=\"true\" data-x-icon-l=\"&#xf073;\"><\/i><\/span><div class=\"x-anchor-text\"><span class=\"x-anchor-text-primary\">Terminanfrage<\/span><\/div><\/div><\/a><\/div><\/div><\/div><\/div><\/div>\n","protected":false},"excerpt":{"rendered":"<p>Wir h\u00f6ren zu! Wir schauen hin! ModernsteDiagnosemethoden DiagnostikUntersuchungen und Behandlungen Hochaufl\u00f6sendes, digitales R\u00f6ntgen Hochaufl\u00f6sendes Ultraschall Herzuntersuchung\/Kardiologie (inkl. Dopplersonografie, EKG, Blutdruck etc.) Umfangreiches, hochmodernes Sofortlabor: Differenzierte Blut- und Urinuntersuchungen inklusive Spezialparameter (z.B. Schilddr\u00fcsenwerte, Cortisol etc.) jederzeit und kurzfristig im Haus durchf\u00fchrbar. Zytologische Diagnostik (z.B. von Hautver\u00e4nderungen, Tumoren) direkt in der Praxis mit m\u00f6glichkeit der digitalen Dokumentation der Bilder Augen-Innendruckmessung (Tonometrie) Endoskopie: &#8230; <\/p>\n<div><a href=\"https:\/\/www.brandenburg-havelland.de\/tap_goebel_bf\/diagnostik\/\" class=\"more-link\">Read More<\/a><\/div>\n","protected":false},"author":1,"featured_media":0,"parent":0,"menu_order":10,"comment_status":"closed","ping_status":"closed","template":"template-blank-4.php","meta":{"footnotes":""},"class_list":["post-3626","page","type-page","status-publish","hentry","no-post-thumbnail"],"aioseo_notices":[],"_links":{"self":[{"href":"https:\/\/www.brandenburg-havelland.de\/tap_goebel_bf\/wp-json\/wp\/v2\/pages\/3626","targetHints":{"allow":["GET"]}}],"collection":[{"href":"https:\/\/www.brandenburg-havelland.de\/tap_goebel_bf\/wp-json\/wp\/v2\/pages"}],"about":[{"href":"https:\/\/www.brandenburg-havelland.de\/tap_goebel_bf\/wp-json\/wp\/v2\/types\/page"}],"author":[{"embeddable":true,"href":"https:\/\/www.brandenburg-havelland.de\/tap_goebel_bf\/wp-json\/wp\/v2\/users\/1"}],"replies":[{"embeddable":true,"href":"https:\/\/www.brandenburg-havelland.de\/tap_goebel_bf\/wp-json\/wp\/v2\/comments?post=3626"}],"version-history":[{"count":9,"href":"https:\/\/www.brandenburg-havelland.de\/tap_goebel_bf\/wp-json\/wp\/v2\/pages\/3626\/revisions"}],"predecessor-version":[{"id":4082,"href":"https:\/\/www.brandenburg-havelland.de\/tap_goebel_bf\/wp-json\/wp\/v2\/pages\/3626\/revisions\/4082"}],"wp:attachment":[{"href":"https:\/\/www.brandenburg-havelland.de\/tap_goebel_bf\/wp-json\/wp\/v2\/media?parent=3626"}],"curies":[{"name":"wp","href":"https:\/\/api.w.org\/{rel}","templated":true}]}}