{"id":3615,"date":"2020-12-15T18:50:31","date_gmt":"2020-12-15T17:50:31","guid":{"rendered":"https:\/\/www.brandenburg-havelland.de\/tap_goebel_bf\/?page_id=3615"},"modified":"2025-05-19T18:10:55","modified_gmt":"2025-05-19T16:10:55","slug":"sanfte-kastration","status":"publish","type":"page","link":"https:\/\/www.brandenburg-havelland.de\/tap_goebel_bf\/sanfte-kastration\/","title":{"rendered":"Sanfte Kastration"},"content":{"rendered":"<div id=\"cs-content\" class=\"cs-content\"><div class=\"x-section e3615-e1 m2sf-0 m2sf-1 m2sf-2\"><div class=\"x-bg\" aria-hidden=\"true\"><div class=\"x-bg-layer-lower-image\" style=\" background-image: url(https:\/\/www.brandenburg-havelland.de\/tap_goebel_bf\/wp-content\/uploads\/2021\/01\/Beagel.jpg); background-repeat: no-repeat; background-position: center; background-size: cover;\"><\/div><\/div><div class=\"x-row x-container max width e3615-e2 m2sf-5 m2sf-6 m2sf-7 m2sf-d m2sf-e\"><div class=\"x-row-inner\"><div class=\"x-col e3615-e3 m2sf-m m2sf-n m2sf-o m2sf-p\"><hr class=\"x-line e3615-e4 m2sf-u\"><\/hr><\/div><\/div><\/div><\/div><div class=\"x-section e3615-e5 m2sf-0 m2sf-3 m2sf-4\"><div class=\"x-row x-container max width e3615-e6 m2sf-5 m2sf-6 m2sf-7 m2sf-d m2sf-f\"><div class=\"x-row-inner\"><div class=\"x-col e3615-e7 m2sf-m m2sf-n m2sf-o m2sf-q\"><div class=\"x-text x-text-headline e3615-e8 m2sf-v m2sf-w m2sf-x m2sf-y m2sf-z\"><div class=\"x-text-content\"><div class=\"x-text-content-text\"><h1 class=\"x-text-content-text-primary\">Minimalinvasive Kastration:<br \/> schnelle Erholung, keine F\u00e4den, kein Blutverlust<\/h1><\/div><\/div><\/div><\/div><\/div><\/div><\/div><div class=\"x-section e3615-e9 m2sf-0 m2sf-2 m2sf-3\"><div class=\"x-row x-container max width e3615-e10 m2sf-5 m2sf-6 m2sf-8 m2sf-g m2sf-h\"><div class=\"x-row-inner\"><div class=\"x-col e3615-e11 m2sf-o m2sf-q\"><div class=\"x-text x-text-headline e3615-e12 m2sf-v m2sf-w m2sf-10 m2sf-11 m2sf-12\"><div class=\"x-text-content\"><div class=\"x-text-content-text\"><h2 class=\"x-text-content-text-primary\">Die \"Sanfte Kastration\"<\/h2><\/div><\/div><\/div><hr class=\"x-line e3615-e13 m2sf-16 m2sf-17 m2sf-18\"><\/hr><hr class=\"x-line e3615-e14 m2sf-17 m2sf-19 m2sf-1a\"><\/hr><div class=\"x-text x-content e3615-e15 m2sf-1d m2sf-1e m2sf-1f m2sf-1g\">Die minimalinvasive Kastration ist ein sogenannter laparoskopischer Eingriff. Dabei wird die Bauchh\u00f6hle mit Gas (Kohlendioxid) aufgebl\u00e4ht, und anschlie\u00dfend die Operation \u00fcber drei nur wenige Millimeter gro\u00dfe Zug\u00e4nge zum Bauchraum durchgef\u00fchrt. Das Gas wird danach wieder abgelassen. Mit Ausnahme der \u00e4u\u00dfersten Hautnaht wird kein Nahtmaterial verwendet, das Entfernen der Eierst\u00f6cke und der Verschluss der Blutgef\u00e4\u00dfe erfolgen mit einem modernen Hochfrequenz-Chirurgieger\u00e4t.<\/div><\/div><div class=\"x-col e3615-e16 m2sf-o m2sf-q\"><div class=\"x-text x-text-headline e3615-e17 m2sf-v m2sf-w m2sf-10 m2sf-11 m2sf-12\"><div class=\"x-text-content\"><div class=\"x-text-content-text\"><h2 class=\"x-text-content-text-primary\">Vorteile f\u00fcr Ihr Tier<\/h2><\/div><\/div><\/div><hr class=\"x-line e3615-e18 m2sf-16 m2sf-17 m2sf-18\"><\/hr><hr class=\"x-line e3615-e19 m2sf-17 m2sf-19 m2sf-1a\"><\/hr><div class=\"x-alert x-alert-block e3615-e20 m2sf-1j m2sf-1k\"><div class=\"x-alert-content\">Weniger Schmerzen durch kleinste Wunden<\/div><\/div><div class=\"x-alert x-alert-block e3615-e21 m2sf-1k m2sf-1l\"><div class=\"x-alert-content\">K\u00fcrzere Operations- und Narkosezeiten<\/div><\/div><div class=\"x-alert x-alert-block e3615-e22 m2sf-1k m2sf-1l\"><div class=\"x-alert-content\">Geringeres Komplikationsrisiko<\/div><\/div><\/div><\/div><\/div><\/div><div class=\"x-section e3615-e23 m2sf-0 m2sf-3 m2sf-4\"><div class=\"x-row x-container max width e3615-e24 m2sf-5 m2sf-9 m2sf-a m2sf-b m2sf-i m2sf-j\"><div class=\"x-row-inner\"><div class=\"x-col e3615-e25 m2sf-o m2sf-q\"><div class=\"x-text x-text-headline e3615-e26 m2sf-v m2sf-w m2sf-10 m2sf-11 m2sf-13\"><div class=\"x-text-content\"><div class=\"x-text-content-text\"><h2 class=\"x-text-content-text-primary\">Vier Vorteile f\u00fcr Sie und Ihren Liebling<\/h2><\/div><\/div><\/div><hr class=\"x-line e3615-e27 m2sf-16 m2sf-17 m2sf-1b\"><\/hr><hr class=\"x-line e3615-e28 m2sf-17 m2sf-19 m2sf-1c\"><\/hr><\/div><\/div><\/div><div class=\"x-row x-container max width e3615-e29 m2sf-5 m2sf-6 m2sf-8 m2sf-b m2sf-g m2sf-k\"><div class=\"x-row-inner\"><div class=\"x-col e3615-e30 m2sf-m m2sf-o m2sf-r m2sf-s\"><i class=\"x-icon e3615-e31 m2sf-1m\" aria-hidden=\"true\" data-x-icon-s=\"&#xf00c;\"><\/i><div class=\"x-text x-text-headline e3615-e32 m2sf-w m2sf-x m2sf-11 m2sf-13 m2sf-14\"><div class=\"x-text-content\"><div class=\"x-text-content-text\"><h3 class=\"x-text-content-text-primary\">Schnellere Erholung<\/h3><\/div><\/div><\/div><div class=\"x-text x-content e3615-e33 m2sf-1e m2sf-1f m2sf-1h\">Bei der Laparoskopie werden Zug\u00e4nge in Millimetergr\u00f6sse zum Bauchraum ben\u00f6tigt. Gr\u00f6\u00dfere H\u00fcndinnen haben maximal ein Schnitt von 15mm. Unser erfahrenes Team steht Ihnen sehr gerne f\u00fcr jegliche R\u00fcckfragen zur Verf\u00fcgung.<\/div><\/div><div class=\"x-col e3615-e34 m2sf-m m2sf-o m2sf-r m2sf-s\"><i class=\"x-icon e3615-e35 m2sf-1m\" aria-hidden=\"true\" data-x-icon-s=\"&#xf00c;\"><\/i><div class=\"x-text x-text-headline e3615-e36 m2sf-w m2sf-x m2sf-11 m2sf-13 m2sf-14\"><div class=\"x-text-content\"><div class=\"x-text-content-text\"><h3 class=\"x-text-content-text-primary\">Kein F\u00e4den ziehen<\/h3><\/div><\/div><\/div><div class=\"x-text x-content e3615-e37 m2sf-1e m2sf-1f m2sf-1h\">Die Gef\u00e4\u00dfe im Bauch werden elektrochirurgisch sicher verschlossen ohne Besch\u00e4digung des \u00fcbrigen Gewebes. Das Abbinden mit einem Faden entf\u00e4llt und somit auch die damit verbundenen Risiken.<\/div><\/div><div class=\"x-col e3615-e38 m2sf-m m2sf-o m2sf-r m2sf-t\"><i class=\"x-icon e3615-e39 m2sf-1m\" aria-hidden=\"true\" data-x-icon-s=\"&#xf00c;\"><\/i><div class=\"x-text x-text-headline e3615-e40 m2sf-w m2sf-x m2sf-11 m2sf-13 m2sf-14\"><div class=\"x-text-content\"><div class=\"x-text-content-text\"><h3 class=\"x-text-content-text-primary\">Kein Blutverlust<\/h3><\/div><\/div><\/div><div class=\"x-text x-content e3615-e41 m2sf-1e m2sf-1f m2sf-1h\">Die minimalen Wunden und die elektrochirurgische Versiegelung der Gef\u00e4\u00dfe sorgen daf\u00fcr, dass kaum Blutungen und keinerlei Blutverlust besteht.<\/div><\/div><div class=\"x-col e3615-e42 m2sf-m m2sf-o m2sf-r m2sf-s\"><i class=\"x-icon e3615-e43 m2sf-1m\" aria-hidden=\"true\" data-x-icon-s=\"&#xf00c;\"><\/i><div class=\"x-text x-text-headline e3615-e44 m2sf-w m2sf-x m2sf-11 m2sf-13 m2sf-14\"><div class=\"x-text-content\"><div class=\"x-text-content-text\"><h3 class=\"x-text-content-text-primary\">Kein Leinenzwang<\/h3><\/div><\/div><\/div><div class=\"x-text x-content e3615-e45 m2sf-1e m2sf-1f m2sf-1h\">Aufgrund des Eingriffes muss Ihr Hund nicht eine Woche an der Leine ausgef\u00fchrt werden, sondern ist nach zwei bis drei Tagen wieder belastbar. Wir empfehlen, den Hund 1-2 Tage nach dem Eingriff zu schonen.<\/div><\/div><\/div><\/div><\/div><div class=\"x-section e3615-e46 m2sf-0 m2sf-2 m2sf-3\"><div class=\"x-row x-container max width e3615-e47 m2sf-5 m2sf-6 m2sf-a m2sf-b m2sf-c m2sf-i m2sf-l\"><div class=\"x-row-inner\"><div class=\"x-col e3615-e48 m2sf-o m2sf-q\"><div class=\"x-text x-text-headline e3615-e49 m2sf-v m2sf-w m2sf-z m2sf-10 m2sf-11 m2sf-12 m2sf-15\"><div class=\"x-text-content\"><div class=\"x-text-content-text\"><h2 class=\"x-text-content-text-primary\">Nach zwei bis drei Tagen ist der Hund wieder uneingeschr\u00e4nkt einsetzbar<\/h2><span class=\"x-text-content-text-subheadline\">(Jagd, Agility, Hundesport, Spazierg\u00e4nge, usw.)<\/span><\/div><\/div><\/div><div class=\"x-text x-content e3615-e50 m2sf-1e m2sf-1g m2sf-1i\">Bei der minimalinvasiven \u2013 wie auch der normalen Kastration \u2013 werden in der Regel nur die Eierst\u00f6cke entfernt (sofern die Geb\u00e4rmutter gesund erscheint). Das Entfernen der Geb\u00e4rmutter ist bei jungen H\u00fcndinnen entgegen anders lautenden Meinungen nicht notwendig da keine Gefahr einer sp\u00e4teren Erkrankung dieses Organs besteht. Diese Tatsache entspricht der offiziellen tiermedizinischen Lehrmeinung und wird in den meisten tier\u00e4rztlichen Referenz-Kliniken bzw. von Spezialisten best\u00e4tigt.<\/div><a class=\"x-anchor x-anchor-button has-graphic e3615-e51 m2sf-1n\" tabindex=\"0\" href=\"https:\/\/www.brandenburg-havelland.de\/tap_goebel_bf\/aerzte\/\"><div class=\"x-anchor-content\"><span class=\"x-graphic\" aria-hidden=\"true\"><i class=\"x-icon x-graphic-child x-graphic-icon x-graphic-primary\" aria-hidden=\"true\" data-x-icon-o=\"&#xf82e;\"><\/i><\/span><div class=\"x-anchor-text\"><span class=\"x-anchor-text-primary\">Noch Fragen?<\/span><\/div><\/div><\/a><\/div><\/div><\/div><\/div><\/div>\n","protected":false},"excerpt":{"rendered":"<p>Minimalinvasive Kastration: schnelle Erholung, keine F\u00e4den, kein BlutverlustDie &#8222;Sanfte Kastration&#8220;Die minimalinvasive Kastration ist ein sogenannter laparoskopischer Eingriff. Dabei wird die Bauchh\u00f6hle mit Gas (Kohlendioxid) aufgebl\u00e4ht, und anschlie\u00dfend die Operation \u00fcber drei nur wenige Millimeter gro\u00dfe Zug\u00e4nge zum Bauchraum durchgef\u00fchrt. Das Gas wird danach wieder abgelassen. Mit Ausnahme der \u00e4u\u00dfersten Hautnaht wird kein Nahtmaterial verwendet, das Entfernen der Eierst\u00f6cke und der &#8230; <\/p>\n<div><a href=\"https:\/\/www.brandenburg-havelland.de\/tap_goebel_bf\/sanfte-kastration\/\" class=\"more-link\">Read More<\/a><\/div>\n","protected":false},"author":1,"featured_media":0,"parent":0,"menu_order":8,"comment_status":"closed","ping_status":"closed","template":"template-blank-4.php","meta":{"footnotes":""},"class_list":["post-3615","page","type-page","status-publish","hentry","no-post-thumbnail"],"aioseo_notices":[],"_links":{"self":[{"href":"https:\/\/www.brandenburg-havelland.de\/tap_goebel_bf\/wp-json\/wp\/v2\/pages\/3615","targetHints":{"allow":["GET"]}}],"collection":[{"href":"https:\/\/www.brandenburg-havelland.de\/tap_goebel_bf\/wp-json\/wp\/v2\/pages"}],"about":[{"href":"https:\/\/www.brandenburg-havelland.de\/tap_goebel_bf\/wp-json\/wp\/v2\/types\/page"}],"author":[{"embeddable":true,"href":"https:\/\/www.brandenburg-havelland.de\/tap_goebel_bf\/wp-json\/wp\/v2\/users\/1"}],"replies":[{"embeddable":true,"href":"https:\/\/www.brandenburg-havelland.de\/tap_goebel_bf\/wp-json\/wp\/v2\/comments?post=3615"}],"version-history":[{"count":2,"href":"https:\/\/www.brandenburg-havelland.de\/tap_goebel_bf\/wp-json\/wp\/v2\/pages\/3615\/revisions"}],"predecessor-version":[{"id":4120,"href":"https:\/\/www.brandenburg-havelland.de\/tap_goebel_bf\/wp-json\/wp\/v2\/pages\/3615\/revisions\/4120"}],"wp:attachment":[{"href":"https:\/\/www.brandenburg-havelland.de\/tap_goebel_bf\/wp-json\/wp\/v2\/media?parent=3615"}],"curies":[{"name":"wp","href":"https:\/\/api.w.org\/{rel}","templated":true}]}}