{"id":3609,"date":"2020-12-15T18:29:57","date_gmt":"2020-12-15T17:29:57","guid":{"rendered":"https:\/\/www.brandenburg-havelland.de\/tap_goebel_bf\/?page_id=3609"},"modified":"2025-05-12T22:30:16","modified_gmt":"2025-05-12T20:30:16","slug":"zahnbehandlungen","status":"publish","type":"page","link":"https:\/\/www.brandenburg-havelland.de\/tap_goebel_bf\/zahnbehandlungen\/","title":{"rendered":"Zahnbehandlungen"},"content":{"rendered":"<div id=\"cs-content\" class=\"cs-content\"><div class=\"x-section e3609-e1 m2s9-0 m2s9-1\"><div class=\"x-bg\" aria-hidden=\"true\"><div class=\"x-bg-layer-upper-color\" style=\" background-color: rgba(0, 97, 97, 0.8);\"><\/div><\/div><div class=\"x-row x-container max width e3609-e2 m2s9-3 m2s9-4 m2s9-6 m2s9-7\"><div class=\"x-row-inner\"><div class=\"x-col e3609-e3 m2s9-9 m2s9-a m2s9-b\"><div class=\"x-bg\" aria-hidden=\"true\"><div class=\"x-bg-layer-lower-image\" style=\" background-image: url(https:\/\/www.brandenburg-havelland.de\/tap_goebel_bf\/wp-content\/uploads\/2020\/12\/hundezahn1.jpg); background-repeat: no-repeat; background-position: center; background-size: cover;\"><\/div><\/div><hr class=\"x-line e3609-e4 m2s9-e\"><\/hr><\/div><div class=\"x-col e3609-e5 m2s9-b m2s9-c\"><div class=\"x-text x-text-headline e3609-e6 m2s9-f m2s9-g\"><div class=\"x-text-content\"><div class=\"x-text-content-text\"><h1 class=\"x-text-content-text-primary\">Zahnbehandlungen und Zahn&shy;prophylaxe<\/h1><\/div><\/div><\/div><hr class=\"x-line e3609-e7 m2s9-i m2s9-j\"><\/hr><div class=\"x-text x-content e3609-e8 m2s9-l m2s9-m m2s9-n\">Werfen Sie regelm\u00e4\u00dfig einen Blick in die Maulh\u00f6hle Ihres Tieres. Denn h\u00e4ufig entwickeln sich die Anzeichen f\u00fcr eine Erkrankung in der Maulh\u00f6hle langsam und sind manchmal schwer wahrzunehmen.<\/div><div class=\"x-text x-content e3609-e9 m2s9-l m2s9-m m2s9-n\">Zahnstein, Paradontose und Karies sollten grunds\u00e4tzlich vermieden werden. Gemeinsam mit Ihnen entwickeln wir eine Routine f\u00fcr die Zahnpflege Ihres Tieres um die Gesunderhaltung des Tieres zu unterst\u00fctzen. Neben der h\u00e4uslichen Vorsorge ist eine re\u00adgel\u00adm\u00e4\u00dfige \u201cGesundheits-Inspektion\u201d beim Tier\u00ad\u00adarzt zu empfehlen.<\/div><div class=\"x-text x-content e3609-e10 m2s9-l m2s9-m m2s9-n\">Unsere Zahnbehandlungen und kieferchirurgischen Ma\u00dfnahmen erfolgen nach neuestem Wissenstand.<\/div><\/div><\/div><\/div><\/div><div class=\"x-section e3609-e11 m2s9-0 m2s9-2\"><div class=\"x-row x-container max width e3609-e12 m2s9-3 m2s9-5 m2s9-6 m2s9-8\"><div class=\"x-row-inner\"><div class=\"x-col e3609-e13 m2s9-9 m2s9-b m2s9-c m2s9-d\"><div class=\"x-text x-text-headline e3609-e14 m2s9-f m2s9-h\"><div class=\"x-text-content\"><div class=\"x-text-content-text\"><h2 class=\"x-text-content-text-primary\">Hunde und Katzen<\/h2><\/div><\/div><\/div><hr class=\"x-line e3609-e15 m2s9-j m2s9-k\"><\/hr><hr class=\"x-line e3609-e16 m2s9-i m2s9-j\"><\/hr><div class=\"x-text x-content e3609-e17 m2s9-m m2s9-n m2s9-o\"><ul>\n<li>Professionelle Plaque- und Zahnsteinentfernung<\/li>\n<li>Parodontalprophylaxe<\/li>\n<li>Parodontitisbehandlung<\/li>\n<li>Zahnr\u00f6ntgen<\/li>\n<li>F\u00fcllungstherapie<\/li>\n<li>Schonende Extraktion nicht heilbar erkrankter Z\u00e4hne<\/li>\n<\/ul><\/div><\/div><div class=\"x-col e3609-e18 m2s9-9 m2s9-b m2s9-c m2s9-d\"><div class=\"x-text x-text-headline e3609-e19 m2s9-f m2s9-h\"><div class=\"x-text-content\"><div class=\"x-text-content-text\"><h2 class=\"x-text-content-text-primary\">Kaninchen und Nager<\/h2><\/div><\/div><\/div><hr class=\"x-line e3609-e20 m2s9-j m2s9-k\"><\/hr><hr class=\"x-line e3609-e21 m2s9-i m2s9-j\"><\/hr><div class=\"x-text x-content e3609-e22 m2s9-m m2s9-o m2s9-p\"><ul>\n<li>Zahnkorrekturen<\/li>\n<li>Zahnextraktion<\/li>\n<li>Kieferchirurgie (z.B. Zahnabszess)<\/li><\/ul><\/div><\/div><div class=\"x-col e3609-e23 m2s9-9 m2s9-b m2s9-c m2s9-d\"><div class=\"x-text x-text-headline e3609-e24 m2s9-f m2s9-h\"><div class=\"x-text-content\"><div class=\"x-text-content-text\"><h2 class=\"x-text-content-text-primary\">Oralchirurgie<\/h2><\/div><\/div><\/div><hr class=\"x-line e3609-e25 m2s9-j m2s9-k\"><\/hr><hr class=\"x-line e3609-e26 m2s9-i m2s9-j\"><\/hr><div class=\"x-text x-content e3609-e27 m2s9-m m2s9-o m2s9-p\"><ul>\n<li>Schleimhautplastiken<\/li>\n<li>Gaumenspalte<\/li>\n<li>Behandlung von oronasalen Fisteln<\/li><\/ul><\/div><\/div><\/div><\/div><\/div><\/div>\n","protected":false},"excerpt":{"rendered":"<p>Zahnbehandlungen und Zahn&shy;prophylaxeWerfen Sie regelm\u00e4\u00dfig einen Blick in die Maulh\u00f6hle Ihres Tieres. Denn h\u00e4ufig entwickeln sich die Anzeichen f\u00fcr eine Erkrankung in der Maulh\u00f6hle langsam und sind manchmal schwer wahrzunehmen.Zahnstein, Paradontose und Karies sollten grunds\u00e4tzlich vermieden werden. Gemeinsam mit Ihnen entwickeln wir eine Routine f\u00fcr die Zahnpflege Ihres Tieres um die Gesunderhaltung des Tieres zu unterst\u00fctzen. Neben der h\u00e4uslichen Vorsorge &#8230; <\/p>\n<div><a href=\"https:\/\/www.brandenburg-havelland.de\/tap_goebel_bf\/zahnbehandlungen\/\" class=\"more-link\">Read More<\/a><\/div>\n","protected":false},"author":1,"featured_media":0,"parent":0,"menu_order":9,"comment_status":"closed","ping_status":"closed","template":"template-blank-4.php","meta":{"footnotes":""},"class_list":["post-3609","page","type-page","status-publish","hentry","no-post-thumbnail"],"aioseo_notices":[],"_links":{"self":[{"href":"https:\/\/www.brandenburg-havelland.de\/tap_goebel_bf\/wp-json\/wp\/v2\/pages\/3609","targetHints":{"allow":["GET"]}}],"collection":[{"href":"https:\/\/www.brandenburg-havelland.de\/tap_goebel_bf\/wp-json\/wp\/v2\/pages"}],"about":[{"href":"https:\/\/www.brandenburg-havelland.de\/tap_goebel_bf\/wp-json\/wp\/v2\/types\/page"}],"author":[{"embeddable":true,"href":"https:\/\/www.brandenburg-havelland.de\/tap_goebel_bf\/wp-json\/wp\/v2\/users\/1"}],"replies":[{"embeddable":true,"href":"https:\/\/www.brandenburg-havelland.de\/tap_goebel_bf\/wp-json\/wp\/v2\/comments?post=3609"}],"version-history":[{"count":2,"href":"https:\/\/www.brandenburg-havelland.de\/tap_goebel_bf\/wp-json\/wp\/v2\/pages\/3609\/revisions"}],"predecessor-version":[{"id":4101,"href":"https:\/\/www.brandenburg-havelland.de\/tap_goebel_bf\/wp-json\/wp\/v2\/pages\/3609\/revisions\/4101"}],"wp:attachment":[{"href":"https:\/\/www.brandenburg-havelland.de\/tap_goebel_bf\/wp-json\/wp\/v2\/media?parent=3609"}],"curies":[{"name":"wp","href":"https:\/\/api.w.org\/{rel}","templated":true}]}}