{"id":3590,"date":"2020-12-14T19:23:32","date_gmt":"2020-12-14T18:23:32","guid":{"rendered":"https:\/\/www.brandenburg-havelland.de\/tap_goebel_bf\/?page_id=3590"},"modified":"2025-05-19T18:09:37","modified_gmt":"2025-05-19T16:09:37","slug":"tierarten","status":"publish","type":"page","link":"https:\/\/www.brandenburg-havelland.de\/tap_goebel_bf\/tierarten\/","title":{"rendered":"Tierarten"},"content":{"rendered":"<div id=\"cs-content\" class=\"cs-content\"><div class=\"x-section e3590-e1 m2rq-0 m2rq-1 m2rq-2\"><div class=\"x-bg\" aria-hidden=\"true\"><div class=\"x-bg-layer-lower-image\" style=\" background-image: url(https:\/\/www.brandenburg-havelland.de\/tap_goebel_bf\/wp-content\/uploads\/2020\/12\/chinch.jpg); background-repeat: no-repeat; background-position: center; background-size: cover;\"><\/div><div class=\"x-bg-layer-upper-color\" style=\" background-color: rgba(0, 97, 97, 0.8);\"><\/div><\/div><div class=\"x-row x-container max width e3590-e2 m2rq-6 m2rq-7 m2rq-8 m2rq-9 m2rq-e m2rq-f\"><div class=\"x-row-inner\"><div class=\"x-col e3590-e3 m2rq-v m2rq-w bg-image\"><div class=\"x-bg\" aria-hidden=\"true\"><div class=\"x-bg-layer-lower-image\" style=\" background-image: url(https:\/\/www.brandenburg-havelland.de\/tap_goebel_bf\/wp-content\/uploads\/2021\/08\/katze.jpg); background-repeat: no-repeat; background-position: center top; background-size: cover;\"><\/div><\/div><hr class=\"x-line x-hide-xl e3590-e4 m2rq-10 m2rq-11\"><\/hr><hr class=\"x-line x-hide-lg x-hide-md x-hide-sm x-hide-xs e3590-e5 m2rq-11 m2rq-12\"><\/hr><\/div><div class=\"x-col e3590-e6 m2rq-v m2rq-w m2rq-x m2rq-y\"><div class=\"x-text x-text-headline e3590-e7 m2rq-13 m2rq-14 m2rq-15 m2rq-16\"><div class=\"x-text-content\"><div class=\"x-text-content-text\"><h1 class=\"x-text-content-text-primary\">So individuell wie wir<\/h1><\/div><\/div><\/div><\/div><\/div><\/div><\/div><div class=\"x-section e3590-e8 m2rq-0 m2rq-3 m2rq-4\"><div class=\"x-row x-container max width e3590-e9 m2rq-6 m2rq-a m2rq-b m2rq-g m2rq-h\"><div class=\"x-row-inner\"><div class=\"x-col e3590-e10 m2rq-v m2rq-w\"><div class=\"x-text x-text-headline e3590-e11 m2rq-13 m2rq-14 m2rq-17 m2rq-18\"><div class=\"x-text-content\"><div class=\"x-text-content-text\"><h2 class=\"x-text-content-text-primary\">Hunde<\/h2><\/div><\/div><\/div><hr class=\"x-line e3590-e12 m2rq-1a m2rq-1b\"><\/hr><hr class=\"x-line e3590-e13 m2rq-1b m2rq-1c\"><\/hr><\/div><\/div><\/div><div class=\"x-row x-container max width e3590-e14 m2rq-6 m2rq-7 m2rq-b m2rq-c m2rq-i m2rq-j\"><div class=\"x-row-inner\"><div class=\"x-col e3590-e15 m2rq-v m2rq-w\"><div class=\"x-text x-content e3590-e16 m2rq-1d\">Ihr Liebling wird bei uns umfassend medizinisch versorgt. Neben Impfungen und Gesundheitsvorsorge-Untersuchungen und der sonstigen allgemeinmedizinischen Versorgung k\u00f6nnen wir bei Ihrem Tier auch diverse Spezialuntersuchungen und \u2013 Operationen durchf\u00fchren.<\/div><\/div><div class=\"x-col e3590-e17 m2rq-v m2rq-w\"><div class=\"x-text x-content e3590-e18 m2rq-1d\"><ul>\n<li>Herzuntersuchung (Herz-Ultraschall, EKG, Blutdruck, digit. R\u00f6ntgen)<\/li>\n<li>HD-\/ED-R\u00f6ntgenuntersuchung f\u00fcr die Zucht<\/li>\n<li>Untersuchung auf Patellaluxation f\u00fcr die Zucht<\/li>\n<li>Operationen und Chemotherapie bei Tumorerkrankungen<\/li>\n<li>Gelenk-Chirurgie an Schulter, Ellenbogen, H\u00fcfte und Knie\n<li>Gaumensegel-Nasen-Rachen-Operationen bei kurznasigen Rassen<\/li>\n<li>OPs am \u00e4u\u00dferen Auge (z.B. Entropium, Lidrandtumor, Nickhautdr\u00fcsenvorfall)<\/li>\n<li>Endoskopische Kastration der H\u00fcndin<\/li>\n<li>Endoskopische Entfernung von Fremdk\u00f6rpern aus dem Magen<\/li>\n<\/ul><\/div><\/div><div class=\"x-col e3590-e19 m2rq-v m2rq-w\"><span class=\"x-image e3590-e20 m2rq-1e\"><img decoding=\"async\" src=\"https:\/\/www.brandenburg-havelland.de\/tap_goebel_bf\/wp-content\/uploads\/2021\/02\/weimarer.jpg\" width=\"800\" height=\"800\" alt=\"Hund beim Tierarzt\" loading=\"lazy\"><\/span><\/div><\/div><\/div><\/div><div class=\"x-section e3590-e21 m2rq-0 m2rq-3 m2rq-5\"><div class=\"x-row x-container max width e3590-e22 m2rq-6 m2rq-a m2rq-b m2rq-g m2rq-k\"><div class=\"x-row-inner\"><div class=\"x-col e3590-e23 m2rq-v m2rq-w\"><div class=\"x-text x-text-headline e3590-e24 m2rq-13 m2rq-14 m2rq-17 m2rq-18\"><div class=\"x-text-content\"><div class=\"x-text-content-text\"><h2 class=\"x-text-content-text-primary\">Katzen<\/h2><\/div><\/div><\/div><hr class=\"x-line e3590-e25 m2rq-1a m2rq-1b\"><\/hr><hr class=\"x-line e3590-e26 m2rq-1b m2rq-1c\"><\/hr><\/div><\/div><\/div><div class=\"x-row x-container max width e3590-e27 m2rq-6 m2rq-7 m2rq-b m2rq-c m2rq-i m2rq-l\"><div class=\"x-row-inner\"><div class=\"x-col e3590-e28 m2rq-v m2rq-w\"><div class=\"x-text x-content e3590-e29 m2rq-1d\">Ihre Katze wird bei uns umfassend medizinisch versorgt. Neben Impfungen und Gesundheitsvorsorge-Untersuchungen und der allgemeinen medizinischen Versorgung k\u00f6nnen wir bei Ihrem Tier auch diverse Spezialuntersuchungen und \u2013 Operationen durchf\u00fchren.<\/div><\/div><div class=\"x-col e3590-e30 m2rq-v m2rq-w\"><div class=\"x-text x-content e3590-e31 m2rq-1d\"><ul>\n<li>Herzuntersuchung (Herz-Ultraschall, EKG, Blutdruck, digit. R\u00f6ntgen)<\/li>\n<li>Endoskopische Untersuchungen<\/li>\n<li>Operationen und Chemotherapie bei Tumorerkrankungen<\/li>\n<li>Gelenkchirurgie (Kreuzbandriss, Patellaluxation)<\/li>\n<li>OPs am \u00e4u\u00dferen Auge<\/li>\n<\/ul><\/div><\/div><div class=\"x-col e3590-e32 m2rq-v m2rq-w\"><span class=\"x-image e3590-e33 m2rq-1e\"><img decoding=\"async\" src=\"https:\/\/www.brandenburg-havelland.de\/tap_goebel_bf\/wp-content\/uploads\/2020\/12\/katz.jpg\" width=\"800\" height=\"800\" alt=\"Samtpfote beim Tierarzt Dr. G\u00f6bel\" loading=\"lazy\"><\/span><\/div><\/div><\/div><\/div><div class=\"x-section e3590-e34 m2rq-0 m2rq-3 m2rq-4\"><div class=\"x-row x-container max width e3590-e35 m2rq-6 m2rq-a m2rq-b m2rq-g m2rq-m\"><div class=\"x-row-inner\"><div class=\"x-col e3590-e36 m2rq-v m2rq-w\"><div class=\"x-text x-text-headline e3590-e37 m2rq-13 m2rq-14 m2rq-17 m2rq-18\"><div class=\"x-text-content\"><div class=\"x-text-content-text\"><h2 class=\"x-text-content-text-primary\">Kaninchen<\/h2><\/div><\/div><\/div><hr class=\"x-line e3590-e38 m2rq-1a m2rq-1b\"><\/hr><hr class=\"x-line e3590-e39 m2rq-1b m2rq-1c\"><\/hr><\/div><\/div><\/div><div class=\"x-row x-container max width e3590-e40 m2rq-6 m2rq-7 m2rq-b m2rq-c m2rq-i m2rq-n\"><div class=\"x-row-inner\"><div class=\"x-col e3590-e41 m2rq-v m2rq-w\"><div class=\"x-text x-content e3590-e42 m2rq-1d\">Kaninchen- und Heimtiermedizin geh\u00f6rt zu den Schwerpunktbereichen unserer Praxis. Neben Impfungen und Gesundheitsvorsorge-Untersuchungen und der allgemeinmedizinischen Versorgung k\u00f6nnen wir bei Ihrem Tier auch diverse Spezialuntersuchungen und \u2013 Operationen durchf\u00fchren.<\/div><\/div><div class=\"x-col e3590-e43 m2rq-v m2rq-w\"><div class=\"x-text x-content e3590-e44 m2rq-1d\"><ul>\n<li>Zahnbehandlung und Zahn-\/Kiefer-Operationen<\/li>\n<li>Kastration m\u00e4nnl. und weibl. Tiere mit aufw\u00e4ndigen, sicheren Narkoseverfahren<\/li>\n<li>sonstige Weichteilchirurgie (z.B. Abszesse, Tumoren, Blasensteine etc.)<\/li>\n<li>Frakturbehandlungen (Knochenbr\u00fcche)<\/li>\n<li>Herzuntersuchung (Herz-Ultraschall, EKG, digit. R\u00f6ntgen)<\/li>\n<\/ul><\/div><\/div><div class=\"x-col e3590-e45 m2rq-v m2rq-w\"><span class=\"x-image e3590-e46 m2rq-1e\"><img decoding=\"async\" src=\"https:\/\/www.brandenburg-havelland.de\/tap_goebel_bf\/wp-content\/uploads\/2020\/12\/hasiii.jpg\" width=\"800\" height=\"800\" alt=\"Ein Riese als Patient beim Tierarzt\" loading=\"lazy\"><\/span><\/div><\/div><\/div><\/div><div class=\"x-section e3590-e47 m2rq-0 m2rq-3 m2rq-5\"><div class=\"x-row x-container max width e3590-e48 m2rq-6 m2rq-a m2rq-b m2rq-g m2rq-o\"><div class=\"x-row-inner\"><div class=\"x-col e3590-e49 m2rq-v m2rq-w\"><div class=\"x-text x-text-headline e3590-e50 m2rq-13 m2rq-14 m2rq-17 m2rq-18\"><div class=\"x-text-content\"><div class=\"x-text-content-text\"><h2 class=\"x-text-content-text-primary\">Nager (Meerschwein, Chinchilla, Gerbil & Co.)<\/h2><\/div><\/div><\/div><hr class=\"x-line e3590-e51 m2rq-1a m2rq-1b\"><\/hr><hr class=\"x-line e3590-e52 m2rq-1b m2rq-1c\"><\/hr><\/div><\/div><\/div><div class=\"x-row x-container max width e3590-e53 m2rq-6 m2rq-7 m2rq-b m2rq-c m2rq-i m2rq-p\"><div class=\"x-row-inner\"><div class=\"x-col e3590-e54 m2rq-v m2rq-w\"><div class=\"x-text x-content e3590-e55 m2rq-1d\">Wir sind unter anderem auf kleine Heimtiere spezialisiert und verf\u00fcgen \u00fcber langj\u00e4hrige Erfahrung in diesem Gebiet. Wir bieten Ihnen umfassende Behandlungsm\u00f6glichkeiten f\u00fcr Ihr Heimtier.<\/div><\/div><div class=\"x-col e3590-e56 m2rq-v m2rq-w\"><div class=\"x-text x-content e3590-e57 m2rq-1d\"><ul>\n<li>Blutuntersuchungen (v.a. Meerschwein)<\/li>\n<li>Zahnbehandlungen und -Operationen<\/li>\n<li>Weichteil-Operationen (z.B. Kastration m\/w, Tumoren, Abszesse)<\/li>\n<\/ul><\/div><\/div><div class=\"x-col e3590-e58 m2rq-v m2rq-w\"><span class=\"x-image e3590-e59 m2rq-1e\"><img decoding=\"async\" src=\"https:\/\/www.brandenburg-havelland.de\/tap_goebel_bf\/wp-content\/uploads\/2020\/12\/chin.jpg\" width=\"800\" height=\"800\" alt=\"Heimtiere beim Tierarzt Dr. G\u00f6bel\" loading=\"lazy\"><\/span><\/div><\/div><\/div><\/div><div class=\"x-section e3590-e60 m2rq-0 m2rq-3 m2rq-4\"><div class=\"x-row x-container max width e3590-e61 m2rq-6 m2rq-a m2rq-b m2rq-g m2rq-q\"><div class=\"x-row-inner\"><div class=\"x-col e3590-e62 m2rq-v m2rq-w\"><div class=\"x-text x-text-headline e3590-e63 m2rq-13 m2rq-14 m2rq-17 m2rq-18\"><div class=\"x-text-content\"><div class=\"x-text-content-text\"><h2 class=\"x-text-content-text-primary\">Reptilien und V\u00f6gel<\/h2><\/div><\/div><\/div><hr class=\"x-line e3590-e64 m2rq-1a m2rq-1b\"><\/hr><hr class=\"x-line e3590-e65 m2rq-1b m2rq-1c\"><\/hr><\/div><\/div><\/div><div class=\"x-row x-container max width e3590-e66 m2rq-6 m2rq-7 m2rq-b m2rq-c m2rq-i m2rq-r\"><div class=\"x-row-inner\"><div class=\"x-col e3590-e67 m2rq-v m2rq-w\"><div class=\"x-text x-content e3590-e68 m2rq-1d\">Reptilien und V\u00f6gel geh\u00f6ren zu einem unserer spezialisierten Bereiche. Es stehen f\u00fcr diese Tierarten diverse Untersuchungs \u2013 und Behandlungsm\u00f6glichkeiten zur Verf\u00fcgung. Wenn Sie Ihr Reptil bei uns vorstellen, bitte immer eine Kotprobe mitbringen!<\/div><\/div><div class=\"x-col e3590-e69 m2rq-v m2rq-w\"><div class=\"x-text x-content e3590-e70 m2rq-1d\"><ul>\n<li>R\u00f6ntgen<\/li>\n<li>Blutuntersuchungen (Diagnostik, Geschlechtsbestimmung)<\/li>\n<li>Endoskopie<\/li>\n<li>Operationen z.B. bei Legenot, Amputationen usw.<\/li>\n<li>Kotuntersuchungen\/Parasitendiagnostik<\/li>\n<\/ul><\/div><\/div><div class=\"x-col e3590-e71 m2rq-v m2rq-w\"><span class=\"x-image e3590-e72 m2rq-1e\"><img decoding=\"async\" src=\"https:\/\/www.brandenburg-havelland.de\/tap_goebel_bf\/wp-content\/uploads\/2020\/12\/schildii.jpg\" width=\"800\" height=\"800\" alt=\"\u00dcberwinterung Schildkr\u00f6te Praxis G\u00f6bel\" loading=\"lazy\"><\/span><\/div><\/div><\/div><\/div><div class=\"x-section e3590-e73 m2rq-0 m2rq-3 m2rq-5\"><div class=\"x-row x-container max width e3590-e74 m2rq-6 m2rq-a m2rq-b m2rq-g m2rq-s\"><div class=\"x-row-inner\"><div class=\"x-col e3590-e75 m2rq-v m2rq-w\"><div class=\"x-text x-text-headline e3590-e76 m2rq-13 m2rq-14 m2rq-17 m2rq-18\"><div class=\"x-text-content\"><div class=\"x-text-content-text\"><h2 class=\"x-text-content-text-primary\">Exoten<\/h2><\/div><\/div><\/div><hr class=\"x-line e3590-e77 m2rq-1a m2rq-1b\"><\/hr><hr class=\"x-line e3590-e78 m2rq-1b m2rq-1c\"><\/hr><\/div><\/div><\/div><div class=\"x-row x-container max width e3590-e79 m2rq-6 m2rq-7 m2rq-b m2rq-c m2rq-i m2rq-t\"><div class=\"x-row-inner\"><div class=\"x-col e3590-e80 m2rq-v m2rq-w\"><div class=\"x-text x-content e3590-e81 m2rq-1d\">Auch Exoten sind uns nicht fremd. Gerne k\u00fcmmern wir uns mit hohem Fachwissen um seltenere \u201eHeimtiere\u201c.<\/div><\/div><div class=\"x-col e3590-e82 m2rq-v m2rq-w\"><div class=\"x-text x-content e3590-e83 m2rq-1d\"><ul>\n<li>Haltungs- und F\u00fctterungsberatung<\/li>\n<li>R\u00f6ntgen<\/li>\n<li>Laboruntersuchungen<\/li>\n<li>Weichteiloperation<\/li>\n<\/ul><\/div><\/div><div class=\"x-col e3590-e84 m2rq-v m2rq-w\"><span class=\"x-image e3590-e85 m2rq-1e\"><img decoding=\"async\" src=\"https:\/\/www.brandenburg-havelland.de\/tap_goebel_bf\/wp-content\/uploads\/2020\/12\/wickelbaer.jpg\" width=\"800\" height=\"800\" alt=\"Exotische Patienten\" loading=\"lazy\"><\/span><\/div><\/div><\/div><\/div><div class=\"x-section e3590-e86 m2rq-0 m2rq-2 m2rq-3\"><div class=\"x-row x-container max width e3590-e87 m2rq-6 m2rq-7 m2rq-9 m2rq-d m2rq-e m2rq-u\"><div class=\"x-row-inner\"><div class=\"x-col e3590-e88 m2rq-v m2rq-x m2rq-z\"><div class=\"x-text x-text-headline e3590-e89 m2rq-14 m2rq-15 m2rq-18 m2rq-19\"><div class=\"x-text-content\"><div class=\"x-text-content-text\"><h2 class=\"x-text-content-text-primary\">Kontaktieren Sie uns<\/h2><\/div><\/div><\/div><a class=\"x-anchor x-anchor-button has-graphic e3590-e90 m2rq-1f\" tabindex=\"0\" href=\"https:\/\/www.brandenburg-havelland.de\/tap_goebel_bf\/kontakt\/\"><div class=\"x-anchor-content\"><span class=\"x-graphic\" aria-hidden=\"true\"><i class=\"x-icon x-graphic-child x-graphic-icon x-graphic-primary\" aria-hidden=\"true\" data-x-icon-l=\"&#xf073;\"><\/i><\/span><div class=\"x-anchor-text\"><span class=\"x-anchor-text-primary\">Terminanfrage<\/span><\/div><\/div><\/a><\/div><\/div><\/div><\/div><\/div>\n","protected":false},"excerpt":{"rendered":"<p>So individuell wie wirHundeIhr Liebling wird bei uns umfassend medizinisch versorgt. Neben Impfungen und Gesundheitsvorsorge-Untersuchungen und der sonstigen allgemeinmedizinischen Versorgung k\u00f6nnen wir bei Ihrem Tier auch diverse Spezialuntersuchungen und \u2013 Operationen durchf\u00fchren. Herzuntersuchung (Herz-Ultraschall, EKG, Blutdruck, digit. R\u00f6ntgen) HD-\/ED-R\u00f6ntgenuntersuchung f\u00fcr die Zucht Untersuchung auf Patellaluxation f\u00fcr die Zucht Operationen und Chemotherapie bei Tumorerkrankungen Gelenk-Chirurgie an Schulter, Ellenbogen, H\u00fcfte und Knie &#8230; <\/p>\n<div><a href=\"https:\/\/www.brandenburg-havelland.de\/tap_goebel_bf\/tierarten\/\" class=\"more-link\">Read More<\/a><\/div>\n","protected":false},"author":1,"featured_media":0,"parent":0,"menu_order":7,"comment_status":"closed","ping_status":"closed","template":"template-blank-4.php","meta":{"footnotes":""},"class_list":["post-3590","page","type-page","status-publish","hentry","no-post-thumbnail"],"aioseo_notices":[],"_links":{"self":[{"href":"https:\/\/www.brandenburg-havelland.de\/tap_goebel_bf\/wp-json\/wp\/v2\/pages\/3590","targetHints":{"allow":["GET"]}}],"collection":[{"href":"https:\/\/www.brandenburg-havelland.de\/tap_goebel_bf\/wp-json\/wp\/v2\/pages"}],"about":[{"href":"https:\/\/www.brandenburg-havelland.de\/tap_goebel_bf\/wp-json\/wp\/v2\/types\/page"}],"author":[{"embeddable":true,"href":"https:\/\/www.brandenburg-havelland.de\/tap_goebel_bf\/wp-json\/wp\/v2\/users\/1"}],"replies":[{"embeddable":true,"href":"https:\/\/www.brandenburg-havelland.de\/tap_goebel_bf\/wp-json\/wp\/v2\/comments?post=3590"}],"version-history":[{"count":4,"href":"https:\/\/www.brandenburg-havelland.de\/tap_goebel_bf\/wp-json\/wp\/v2\/pages\/3590\/revisions"}],"predecessor-version":[{"id":4100,"href":"https:\/\/www.brandenburg-havelland.de\/tap_goebel_bf\/wp-json\/wp\/v2\/pages\/3590\/revisions\/4100"}],"wp:attachment":[{"href":"https:\/\/www.brandenburg-havelland.de\/tap_goebel_bf\/wp-json\/wp\/v2\/media?parent=3590"}],"curies":[{"name":"wp","href":"https:\/\/api.w.org\/{rel}","templated":true}]}}