{"id":3571,"date":"2020-12-14T16:15:52","date_gmt":"2020-12-14T15:15:52","guid":{"rendered":"https:\/\/www.brandenburg-havelland.de\/tap_goebel_bf\/?page_id=3571"},"modified":"2025-05-19T17:51:42","modified_gmt":"2025-05-19T15:51:42","slug":"leistungen","status":"publish","type":"page","link":"https:\/\/www.brandenburg-havelland.de\/tap_goebel_bf\/leistungen\/","title":{"rendered":"Leistungen"},"content":{"rendered":"<div id=\"cs-content\" class=\"cs-content\"><div class=\"x-section e3571-e1 m2r7-0 m2r7-1 m2r7-2\"><div class=\"x-bg\" aria-hidden=\"true\"><div class=\"x-bg-layer-lower-image\" style=\" background-image: url(https:\/\/www.brandenburg-havelland.de\/tap_goebel_bf\/wp-content\/uploads\/2020\/12\/op_7.jpg); background-repeat: no-repeat; background-position: center; background-size: cover;\"><\/div><div class=\"x-bg-layer-upper-color\" style=\" background-color: rgba(0, 97, 97, 0.8);\"><\/div><\/div><div class=\"x-row x-container max width e3571-e2 m2r7-7 m2r7-8 m2r7-9 m2r7-a m2r7-g\"><div class=\"x-row-inner\"><div class=\"x-col e3571-e3 m2r7-l m2r7-m\"><div class=\"x-bg\" aria-hidden=\"true\"><div class=\"x-bg-layer-lower-image\" style=\" background-image: url(https:\/\/www.brandenburg-havelland.de\/tap_goebel_bf\/wp-content\/uploads\/2021\/02\/dr-goebel-mit-kaninchen.jpg); background-repeat: no-repeat; background-position: center; background-size: cover;\"><\/div><\/div><hr class=\"x-line x-hide-lg x-hide-md x-hide-sm x-hide-xs e3571-e4 m2r7-s m2r7-t\"><\/hr><hr class=\"x-line x-hide-xl e3571-e5 m2r7-t m2r7-u\"><\/hr><\/div><div class=\"x-col e3571-e6 m2r7-l m2r7-m m2r7-n m2r7-o\"><div class=\"x-text x-text-headline e3571-e7 m2r7-v m2r7-w m2r7-x m2r7-y\"><div class=\"x-text-content\"><div class=\"x-text-content-text\"><h1 class=\"x-text-content-text-primary\">Fachgerechte Betreuung<\/h1><span class=\"x-text-content-text-subheadline\">Hunde \u2022 Katzen \u2022 Kaninchen \u2022 Kleinnager \u2022 Frettchen \u2022 Exotische Kleins\u00e4uger \u2022 Reptilien \u2022 Amphibien \u2022 Zierv\u00f6gel<\/span><\/div><\/div><\/div><\/div><\/div><\/div><\/div><div class=\"x-section e3571-e8 m2r7-0 m2r7-3 m2r7-4 m2r7-5\"><div class=\"x-row x-container max width e3571-e9 m2r7-7 m2r7-8 m2r7-b m2r7-c m2r7-d m2r7-h m2r7-i\"><div class=\"x-row-inner\"><div class=\"x-col e3571-e10 m2r7-l m2r7-n m2r7-p m2r7-q\"><i class=\"x-icon e3571-e11 m2r7-12\" aria-hidden=\"true\" data-x-icon-s=\"&#xf00c;\"><\/i><div class=\"x-text x-text-headline e3571-e12 m2r7-w m2r7-x m2r7-z m2r7-10\"><div class=\"x-text-content\"><div class=\"x-text-content-text\"><h2 class=\"x-text-content-text-primary\">Tierarten<\/h2><\/div><\/div><\/div><div class=\"x-text x-content e3571-e13 m2r7-13 m2r7-14\">Ihr <a href=\"https:\/\/www.brandenburg-havelland.de\/tap_goebel_bf\/tierarten\/\" target=\"_blank\" rel=\"noopener\">Liebling<\/a> wird bei uns umfassend medizinisch versorgt. Neben Impfungen und Vorsorgeuntersuchungen k\u00f6nnen wir auch diverse Spezialuntersuchungen und OPs durchf\u00fchren.<\/div><a class=\"x-anchor x-anchor-button has-graphic e3571-e14 m2r7-16 m2r7-17 m2r7-18\" tabindex=\"0\" href=\"https:\/\/www.brandenburg-havelland.de\/tap_goebel_bf\/tierarten\/\"><div class=\"x-anchor-content\"><span class=\"x-graphic\" aria-hidden=\"true\"><i class=\"x-icon x-graphic-child x-graphic-icon x-graphic-primary\" aria-hidden=\"true\" data-x-icon-s=\"&#xf061;\"><\/i><\/span><div class=\"x-anchor-text\"><span class=\"x-anchor-text-primary\">weiterlesen<\/span><\/div><\/div><\/a><\/div><div class=\"x-col e3571-e15 m2r7-l m2r7-n m2r7-p m2r7-q\"><i class=\"x-icon e3571-e16 m2r7-12\" aria-hidden=\"true\" data-x-icon-s=\"&#xf00c;\"><\/i><div class=\"x-text x-text-headline e3571-e17 m2r7-w m2r7-x m2r7-z m2r7-10\"><div class=\"x-text-content\"><div class=\"x-text-content-text\"><h2 class=\"x-text-content-text-primary\">Kastration<\/h2><\/div><\/div><\/div><div class=\"x-text x-content e3571-e18 m2r7-13 m2r7-14\"><p>Die <a href=\"https:\/\/www.brandenburg-havelland.de\/tap_goebel_bf\/sanfte-kastration\/\" target=\"_blank\" rel=\"noopener\">minimalinvasive Kastration<\/a> ist ein laparoskopischer Eingriff. Ihr Tier wird sich nach der Kastration sehr schnell wieder erholen und ist in der Regel bereits am n&auml;chsten Tag wieder fit.<\/p><\/div><a class=\"x-anchor x-anchor-button has-graphic e3571-e19 m2r7-16 m2r7-17 m2r7-18\" tabindex=\"0\" href=\"https:\/\/www.brandenburg-havelland.de\/tap_goebel_bf\/sanfte-kastration\/\"><div class=\"x-anchor-content\"><span class=\"x-graphic\" aria-hidden=\"true\"><i class=\"x-icon x-graphic-child x-graphic-icon x-graphic-primary\" aria-hidden=\"true\" data-x-icon-s=\"&#xf061;\"><\/i><\/span><div class=\"x-anchor-text\"><span class=\"x-anchor-text-primary\">weiterlesen<\/span><\/div><\/div><\/a><\/div><div class=\"x-col e3571-e20 m2r7-l m2r7-n m2r7-p m2r7-r\"><i class=\"x-icon e3571-e21 m2r7-12\" aria-hidden=\"true\" data-x-icon-s=\"&#xf00c;\"><\/i><div class=\"x-text x-text-headline e3571-e22 m2r7-w m2r7-x m2r7-z m2r7-10\"><div class=\"x-text-content\"><div class=\"x-text-content-text\"><h2 class=\"x-text-content-text-primary\">Diagnostik<\/h2><\/div><\/div><\/div><div class=\"x-text x-content e3571-e23 m2r7-13 m2r7-14\">Untersuchungen und Behandlungen richten sich bei uns nach den neuesten Erkenntnissen. Dabei verwenden wir modernste Diagnostikmethoden.<\/div><a class=\"x-anchor x-anchor-button has-graphic e3571-e24 m2r7-16 m2r7-17 m2r7-18\" tabindex=\"0\" href=\"https:\/\/www.brandenburg-havelland.de\/tap_goebel_bf\/diagnostik\/\"><div class=\"x-anchor-content\"><span class=\"x-graphic\" aria-hidden=\"true\"><i class=\"x-icon x-graphic-child x-graphic-icon x-graphic-primary\" aria-hidden=\"true\" data-x-icon-s=\"&#xf061;\"><\/i><\/span><div class=\"x-anchor-text\"><span class=\"x-anchor-text-primary\">weiterlesen<\/span><\/div><\/div><\/a><\/div><div class=\"x-col e3571-e25 m2r7-l m2r7-n m2r7-p m2r7-q\"><i class=\"x-icon e3571-e26 m2r7-12\" aria-hidden=\"true\" data-x-icon-s=\"&#xf00c;\"><\/i><div class=\"x-text x-text-headline e3571-e27 m2r7-w m2r7-x m2r7-z m2r7-10\"><div class=\"x-text-content\"><div class=\"x-text-content-text\"><h2 class=\"x-text-content-text-primary\">Operationen<\/h2><\/div><\/div><\/div><div class=\"x-text x-content e3571-e28 m2r7-13 m2r7-14\">Wir f\u00fchren bei uns alle g\u00e4ngigen Weichteiloperationen bei Hund und Katze durch, z.B. Kastrationen, Tumor-Operationen, Magen-Darm-Operationen usw.<\/div><a class=\"x-anchor x-anchor-button has-graphic e3571-e29 m2r7-16 m2r7-17 m2r7-18\" tabindex=\"0\" href=\"https:\/\/www.brandenburg-havelland.de\/tap_goebel_bf\/operationen\/\"><div class=\"x-anchor-content\"><span class=\"x-graphic\" aria-hidden=\"true\"><i class=\"x-icon x-graphic-child x-graphic-icon x-graphic-primary\" aria-hidden=\"true\" data-x-icon-s=\"&#xf061;\"><\/i><\/span><div class=\"x-anchor-text\"><span class=\"x-anchor-text-primary\">weiterlesen<\/span><\/div><\/div><\/a><\/div><\/div><\/div><\/div><div class=\"x-section e3571-e30 m2r7-0 m2r7-1 m2r7-4 m2r7-6\"><div class=\"x-row x-container max width e3571-e31 m2r7-7 m2r7-9 m2r7-c m2r7-d m2r7-e m2r7-h m2r7-j\"><div class=\"x-row-inner\"><div class=\"x-col e3571-e32 m2r7-l m2r7-m\"><div class=\"x-text x-text-headline e3571-e33 m2r7-v m2r7-w m2r7-10 m2r7-11\"><div class=\"x-text-content\"><div class=\"x-text-content-text\"><h2 class=\"x-text-content-text-primary\">Impfungen<\/h2><\/div><\/div><\/div><hr class=\"x-line e3571-e34 m2r7-1d m2r7-1e\"><\/hr><hr class=\"x-line e3571-e35 m2r7-1e m2r7-1f\"><\/hr><div class=\"x-text x-content e3571-e36 m2r7-13 m2r7-15\">Wir empfehlen grunds\u00e4tzlich, Hunde, Katzen, Kaninchen und Frettchen impfen zu lassen um schwerwiegenden, oft t\u00f6dlichen Krankheiten vorzubeugen.<\/div><div class=\"x-text x-content e3571-e37 m2r7-13 m2r7-14\">Welche Impfung f\u00fcr Ihr Tier notwendig ist, wird individuell f\u00fcr jeden Patienten entschieden. Wir impfen in Anlehnung an die offiziellen Empfehlungen der \u201cSt\u00e4ndigen Impfkommission Vet\u201d.<\/div><a class=\"x-anchor x-anchor-button has-graphic e3571-e38 m2r7-16 m2r7-17 m2r7-18\" tabindex=\"0\" href=\"https:\/\/www.brandenburg-havelland.de\/tap_goebel_bf\/wp-content\/uploads\/2021\/02\/2021_01_01_Impfleitlinie-Kleintiere.pdf\" target=\"_blank\"><div class=\"x-anchor-content\"><span class=\"x-graphic\" aria-hidden=\"true\"><i class=\"x-icon x-graphic-child x-graphic-icon x-graphic-primary\" aria-hidden=\"true\" data-x-icon-s=\"&#xf1c1;\"><\/i><\/span><div class=\"x-anchor-text\"><span class=\"x-anchor-text-primary\">PDF Impfkommission<\/span><\/div><\/div><\/a><\/div><div class=\"x-col e3571-e39 m2r7-l m2r7-m\"><div class=\"x-text x-text-headline e3571-e40 m2r7-v m2r7-w m2r7-10 m2r7-11\"><div class=\"x-text-content\"><div class=\"x-text-content-text\"><h2 class=\"x-text-content-text-primary\">Merkbl\u00e4tter<\/h2><\/div><\/div><\/div><hr class=\"x-line e3571-e41 m2r7-1d m2r7-1e\"><\/hr><hr class=\"x-line e3571-e42 m2r7-1e m2r7-1f\"><\/hr><a class=\"x-anchor x-anchor-button has-graphic e3571-e43 m2r7-17 m2r7-18 m2r7-19 m2r7-1a\" tabindex=\"0\" href=\"https:\/\/www.brandenburg-havelland.de\/tap_goebel_bf\/wp-content\/uploads\/2020\/12\/HD_Kastration-Huendin.pdf\" target=\"_blank\"><div class=\"x-anchor-content\"><span class=\"x-graphic\" aria-hidden=\"true\"><i class=\"x-icon x-graphic-child x-graphic-icon x-graphic-primary\" aria-hidden=\"true\" data-x-icon-s=\"&#xf1c1;\"><\/i><\/span><div class=\"x-anchor-text\"><span class=\"x-anchor-text-primary\">PDF Kastration H\u00fcndin<\/span><\/div><\/div><\/a><a class=\"x-anchor x-anchor-button has-graphic e3571-e44 m2r7-17 m2r7-18 m2r7-19 m2r7-1a\" tabindex=\"0\" href=\"https:\/\/www.brandenburg-havelland.de\/tap_goebel_bf\/wp-content\/uploads\/2020\/12\/HD_Kreuzband-TTA.pdf\" target=\"_blank\"><div class=\"x-anchor-content\"><span class=\"x-graphic\" aria-hidden=\"true\"><i class=\"x-icon x-graphic-child x-graphic-icon x-graphic-primary\" aria-hidden=\"true\" data-x-icon-s=\"&#xf1c1;\"><\/i><\/span><div class=\"x-anchor-text\"><span class=\"x-anchor-text-primary\">PDF  Kreuzbandoperation<\/span><\/div><\/div><\/a><a class=\"x-anchor x-anchor-button has-graphic e3571-e45 m2r7-17 m2r7-18 m2r7-19 m2r7-1a\" tabindex=\"0\" href=\"https:\/\/www.brandenburg-havelland.de\/tap_goebel_bf\/wp-content\/uploads\/2020\/12\/Kastration-Kaninchen.pdf\" target=\"_blank\"><div class=\"x-anchor-content\"><span class=\"x-graphic\" aria-hidden=\"true\"><i class=\"x-icon x-graphic-child x-graphic-icon x-graphic-primary\" aria-hidden=\"true\" data-x-icon-s=\"&#xf1c1;\"><\/i><\/span><div class=\"x-anchor-text\"><span class=\"x-anchor-text-primary\">PDF Kastration Kaninchen<\/span><\/div><\/div><\/a><a class=\"x-anchor x-anchor-button has-graphic e3571-e46 m2r7-17 m2r7-19 m2r7-1a m2r7-1b\" tabindex=\"0\" href=\"https:\/\/www.brandenburg-havelland.de\/tap_goebel_bf\/wp-content\/uploads\/2020\/12\/MS_Ernaehrung-Meerschweinchen.pdf\" target=\"_blank\"><div class=\"x-anchor-content\"><span class=\"x-graphic\" aria-hidden=\"true\"><i class=\"x-icon x-graphic-child x-graphic-icon x-graphic-primary\" aria-hidden=\"true\" data-x-icon-s=\"&#xf1c1;\"><\/i><\/span><div class=\"x-anchor-text\"><span class=\"x-anchor-text-primary\">PDF Ern\u00e4hrung Meerschweinchen<\/span><\/div><\/div><\/a><a class=\"x-anchor x-anchor-button has-graphic e3571-e47 m2r7-17 m2r7-18 m2r7-19 m2r7-1a\" tabindex=\"0\" href=\"https:\/\/www.brandenburg-havelland.de\/tap_goebel_bf\/wp-content\/uploads\/2020\/12\/KAN_Ernaehrung-Kaninchen.pdf\" target=\"_blank\"><div class=\"x-anchor-content\"><span class=\"x-graphic\" aria-hidden=\"true\"><i class=\"x-icon x-graphic-child x-graphic-icon x-graphic-primary\" aria-hidden=\"true\" data-x-icon-s=\"&#xf1c1;\"><\/i><\/span><div class=\"x-anchor-text\"><span class=\"x-anchor-text-primary\">PDF Ern&auml;hrung Kaninchen<\/span><\/div><\/div><\/a><a class=\"x-anchor x-anchor-button has-graphic e3571-e48 m2r7-17 m2r7-18 m2r7-19 m2r7-1a\" tabindex=\"0\" href=\"https:\/\/www.brandenburg-havelland.de\/tap_goebel_bf\/wp-content\/uploads\/2020\/12\/CHIN_Ernaehrung.pdf\" target=\"_blank\"><div class=\"x-anchor-content\"><span class=\"x-graphic\" aria-hidden=\"true\"><i class=\"x-icon x-graphic-child x-graphic-icon x-graphic-primary\" aria-hidden=\"true\" data-x-icon-s=\"&#xf1c1;\"><\/i><\/span><div class=\"x-anchor-text\"><span class=\"x-anchor-text-primary\">PDF Ern\u00e4hrung Chinchilla<\/span><\/div><\/div><\/a><a class=\"x-anchor x-anchor-button has-graphic e3571-e49 m2r7-17 m2r7-18 m2r7-19 m2r7-1a\" tabindex=\"0\" href=\"https:\/\/www.brandenburg-havelland.de\/tap_goebel_bf\/wp-content\/uploads\/2020\/12\/PAP_Erna\u0308hrung-der-Papageien.pdf\" target=\"_blank\"><div class=\"x-anchor-content\"><span class=\"x-graphic\" aria-hidden=\"true\"><i class=\"x-icon x-graphic-child x-graphic-icon x-graphic-primary\" aria-hidden=\"true\" data-x-icon-s=\"&#xf1c1;\"><\/i><\/span><div class=\"x-anchor-text\"><span class=\"x-anchor-text-primary\">Ern\u00e4hrung Papageien<\/span><\/div><\/div><\/a><a class=\"x-anchor x-anchor-button has-graphic e3571-e50 m2r7-17 m2r7-19 m2r7-1b m2r7-1c\" tabindex=\"0\" href=\"https:\/\/www.brandenburg-havelland.de\/tap_goebel_bf\/wp-content\/uploads\/2020\/12\/Merkblatt_Winterruhe_Landschildkroeten_web-clean.pdf\" target=\"_blank\"><div class=\"x-anchor-content\"><span class=\"x-graphic\" aria-hidden=\"true\"><i class=\"x-icon x-graphic-child x-graphic-icon x-graphic-primary\" aria-hidden=\"true\" data-x-icon-s=\"&#xf1c1;\"><\/i><\/span><div class=\"x-anchor-text\"><span class=\"x-anchor-text-primary\">PDF Winterruhe europ\u00e4ische Landschildkr\u00f6te<\/span><\/div><\/div><\/a><\/div><\/div><\/div><\/div><div class=\"x-section e3571-e51 m2r7-0 m2r7-1 m2r7-4 m2r7-5\"><div class=\"x-row x-container max width e3571-e52 m2r7-7 m2r7-d m2r7-e m2r7-f m2r7-k\"><div class=\"x-row-inner\"><div class=\"x-col e3571-e53 m2r7-l m2r7-m\"><div class=\"x-text x-text-headline e3571-e54 m2r7-v m2r7-w m2r7-10 m2r7-11\"><div class=\"x-text-content\"><div class=\"x-text-content-text\"><h2 class=\"x-text-content-text-primary\">Station\u00e4re Behandlung<\/h2><\/div><\/div><\/div><hr class=\"x-line e3571-e55 m2r7-1d m2r7-1e\"><\/hr><hr class=\"x-line e3571-e56 m2r7-1e m2r7-1f\"><\/hr><div class=\"x-text x-content e3571-e57 m2r7-13 m2r7-14\">Manches Krankheitsbild erfordert intensivmedizinische Betreuung. Dabei ist ein station\u00e4rer Aufenthalt teils unumg\u00e4nglich.<\/div><div class=\"x-text x-content e3571-e58 m2r7-13 m2r7-14\">In unserer Station k\u00f6nnen wir Patienten f\u00fcr eine l\u00e4nger dauernde Diagnostik (z.B. endokrinologische Funktionstests mit mehreren Blutabnahmen, Anfertigung von Blutzuckerprofilen bei Diabetikern) unterbringen. Auch intensivmedizinische Behandlungen k\u00f6nnen bei uns bis zur Stabilisierung des Gesundheitszustandes Ihres Tieres station\u00e4r durchgef\u00fchrt werden.<\/div><div class=\"x-text x-content e3571-e59 m2r7-13 m2r7-14\">Zudem k\u00f6nnen unsere Patienten nach einer Operation in ruhiger Atmosph\u00e4re und unter st\u00e4ndiger Beobachtung mit regelm\u00e4\u00dfigen Temperatur-, Atem-, Puls- und Kreislaufkontrollen bei uns auf der Station wach werden. Patienten mit Untertemperatur, was nach einer Operation nicht ungew\u00f6hnlich ist, werden auf W\u00e4rmematten und unter Rotlicht bis zum Einstellen der normalen K\u00f6rpertemperatur warm gehalten.<\/div><div class=\"x-text x-content e3571-e60 m2r7-13 m2r7-14\">Ihr Tier wird bei uns liebevoll und aufmerksam betreut und medizinisch versorgt.<\/div><div class=\"x-text x-content e3571-e61 m2r7-13 m2r7-14\">Durch die station\u00e4re Aufnahme m\u00f6chten wir auch Berufst\u00e4tigen erm\u00f6glichen, Ihr Tier ausf\u00fchrlich untersuchen und behandeln lassen zu k\u00f6nnen. Nach der Arbeit k\u00f6nnen Sie sich Ihr Tier abholen.<\/div><\/div><\/div><\/div><\/div><\/div>\n","protected":false},"excerpt":{"rendered":"<p>Fachgerechte BetreuungHunde \u2022 Katzen \u2022 Kaninchen \u2022 Kleinnager \u2022 Frettchen \u2022 Exotische Kleins\u00e4uger \u2022 Reptilien \u2022 Amphibien \u2022 Zierv\u00f6gelTierartenIhr Liebling wird bei uns umfassend medizinisch versorgt. Neben Impfungen und Vorsorgeuntersuchungen k\u00f6nnen wir auch diverse Spezialuntersuchungen und OPs durchf\u00fchren.weiterlesenKastrationDie minimalinvasive Kastration ist ein laparoskopischer Eingriff. Ihr Tier wird sich nach der Kastration sehr schnell wieder erholen und ist in der Regel &#8230; <\/p>\n<div><a href=\"https:\/\/www.brandenburg-havelland.de\/tap_goebel_bf\/leistungen\/\" class=\"more-link\">Read More<\/a><\/div>\n","protected":false},"author":1,"featured_media":0,"parent":0,"menu_order":6,"comment_status":"closed","ping_status":"closed","template":"template-blank-4.php","meta":{"footnotes":""},"class_list":["post-3571","page","type-page","status-publish","hentry","no-post-thumbnail"],"aioseo_notices":[],"_links":{"self":[{"href":"https:\/\/www.brandenburg-havelland.de\/tap_goebel_bf\/wp-json\/wp\/v2\/pages\/3571","targetHints":{"allow":["GET"]}}],"collection":[{"href":"https:\/\/www.brandenburg-havelland.de\/tap_goebel_bf\/wp-json\/wp\/v2\/pages"}],"about":[{"href":"https:\/\/www.brandenburg-havelland.de\/tap_goebel_bf\/wp-json\/wp\/v2\/types\/page"}],"author":[{"embeddable":true,"href":"https:\/\/www.brandenburg-havelland.de\/tap_goebel_bf\/wp-json\/wp\/v2\/users\/1"}],"replies":[{"embeddable":true,"href":"https:\/\/www.brandenburg-havelland.de\/tap_goebel_bf\/wp-json\/wp\/v2\/comments?post=3571"}],"version-history":[{"count":6,"href":"https:\/\/www.brandenburg-havelland.de\/tap_goebel_bf\/wp-json\/wp\/v2\/pages\/3571\/revisions"}],"predecessor-version":[{"id":4081,"href":"https:\/\/www.brandenburg-havelland.de\/tap_goebel_bf\/wp-json\/wp\/v2\/pages\/3571\/revisions\/4081"}],"wp:attachment":[{"href":"https:\/\/www.brandenburg-havelland.de\/tap_goebel_bf\/wp-json\/wp\/v2\/media?parent=3571"}],"curies":[{"name":"wp","href":"https:\/\/api.w.org\/{rel}","templated":true}]}}