{"id":3521,"date":"2020-12-10T20:15:18","date_gmt":"2020-12-10T19:15:18","guid":{"rendered":"https:\/\/www.brandenburg-havelland.de\/tap_goebel_bf\/?page_id=3521"},"modified":"2025-05-19T18:07:12","modified_gmt":"2025-05-19T16:07:12","slug":"praxis","status":"publish","type":"page","link":"https:\/\/www.brandenburg-havelland.de\/tap_goebel_bf\/praxis\/","title":{"rendered":"Praxis"},"content":{"rendered":"<div id=\"cs-content\" class=\"cs-content\"><div class=\"x-section e3521-e1 m2pt-0 m2pt-1 m2pt-2\"><div class=\"x-row x-container max width e3521-e2 m2pt-7 m2pt-8 m2pt-9 m2pt-a m2pt-b m2pt-j\"><div class=\"x-row-inner\"><div class=\"x-col e3521-e3 m2pt-u m2pt-v m2pt-w\"><div class=\"x-bg\" aria-hidden=\"true\"><div class=\"x-bg-layer-lower-image\" style=\" background-image: url(https:\/\/www.brandenburg-havelland.de\/tap_goebel_bf\/wp-content\/uploads\/2021\/02\/schildkroete.jpg); background-repeat: no-repeat; background-position: center; background-size: cover;\"><\/div><\/div><hr class=\"x-line x-hide-xl e3521-e4 m2pt-16\"><\/hr><\/div><div class=\"x-col e3521-e5 m2pt-u m2pt-v m2pt-w m2pt-x m2pt-y m2pt-z\"><div class=\"x-text x-text-headline e3521-e6 m2pt-17 m2pt-18 m2pt-19 m2pt-1a\"><div class=\"x-text-content\"><div class=\"x-text-content-text\"><h1 class=\"x-text-content-text-primary\">Unsere Praxisphilosophie: Die Bed\u00fcrfnisse jedes einzelnen Tieres stehen im Fokus.<\/h1><\/div><\/div><\/div><\/div><\/div><\/div><\/div><div class=\"x-section e3521-e7 m2pt-0 m2pt-3 m2pt-4\"><div class=\"x-row x-container max width e3521-e8 m2pt-8 m2pt-a m2pt-c m2pt-d m2pt-e m2pt-k m2pt-l\"><div class=\"x-row-inner\"><div class=\"x-col e3521-e9 m2pt-u m2pt-v m2pt-w\"><div class=\"x-text x-content e3521-e10 m2pt-1h m2pt-1i m2pt-1j m2pt-1k\"><p>Bei uns stehen die individuellen Bed&uuml;rfnisse jedes einzelnen <a href=\"https:\/\/www.brandenburg-havelland.de\/tap_goebel_bf\/tierarten\/\" target=\"_blank\" rel=\"noopener\">Tieres<\/a> im Fokus der Betrachtung. Von den ersten Schritten im Welpenalter bis zur Geriatrie stehen wir unseren Patienten zur Seite. Wir sind kompetente <a href=\"https:\/\/www.brandenburg-havelland.de\/tap_goebel_bf\/kontakt\/\" target=\"_blank\" rel=\"noopener\">Ansprechpartner<\/a>, wenn es um die Gesundhaltung und die Krankenversorgung von Klein- und Heimtieren geht. Innovative Therapieans&auml;tze, neue Behandlungs- und Operationsmethoden k&ouml;nnen wir unseren Patienten durch st&auml;ndige Fort- und Weiterbildungen bieten. Lebenslanges Lernen untermauert unseren Qualit&auml;tsanspruch in der tier&auml;rztlichen Leistungserbringung.<\/p><\/div><\/div><div class=\"x-col e3521-e11 m2pt-u m2pt-v m2pt-w\"><a class=\"x-anchor x-anchor-button has-graphic e3521-e12 m2pt-1t m2pt-1u m2pt-1v m2pt-1w\" tabindex=\"0\" href=\"https:\/\/www.brandenburg-havelland.de\/tap_goebel_bf\/kontakt\/\"><div class=\"x-anchor-content\"><span class=\"x-graphic\" aria-hidden=\"true\"><i class=\"x-icon x-graphic-child x-graphic-icon x-graphic-primary\" aria-hidden=\"true\" data-x-icon-l=\"&#xf073;\"><\/i><\/span><div class=\"x-anchor-text\"><span class=\"x-anchor-text-primary\">Terminanfrage<\/span><\/div><\/div><\/a><\/div><\/div><\/div><\/div><div class=\"x-section e3521-e13 m2pt-0 m2pt-2 m2pt-5\"><div class=\"x-row x-container max width e3521-e14 m2pt-7 m2pt-8 m2pt-9 m2pt-a m2pt-d m2pt-k m2pt-m\"><div class=\"x-row-inner\"><div class=\"x-col e3521-e15 m2pt-u m2pt-v m2pt-w m2pt-x m2pt-y m2pt-z\"><div class=\"x-text x-content e3521-e16 m2pt-1h m2pt-1i m2pt-1j\">Menschliche Zuwendung, Einf\u00fchlungsverm\u00f6gen, Respekt und Wertsch\u00e4tzung kennzeichnen den Umgang mit den uns anvertrauten Tieren und den Patientenbesitzern. Wir schaffen eine Atmosph\u00e4re des Vertrauens, der Sicherheit und Geborgenheit f\u00fcr Mensch und Tier. Umfassende Aufkl\u00e4rung, Transparenz und die gr\u00f6\u00dftm\u00f6gliche Integration der Patientenbesitzer in den Behandlungsprozess sind uns ein wichtiges Anliegen in der Tierarzt-Tierhalter-Beziehung.<\/div><\/div><div class=\"x-col e3521-e17 m2pt-u m2pt-v m2pt-w\"><div class=\"x-text x-content e3521-e18 m2pt-1h m2pt-1i m2pt-1j\">Von besonderer Bedeutung sind die hohe Fachkompetenz, die moderne Medizintechnik und die konsequente Spezialisierung auf das Segment der Klein- und Heimtiere. Erkenntnisse aus dem Praxisalltag und die langj\u00e4hrige Erfahrung werden auch den Studierenden der Tiermedizin im Rahmen von Lehrauftr\u00e4gen an zwei Tiermedizinischen Hochschulen vermittelt. Das universit\u00e4re Engagement sorgt zudem f\u00fcr einen kontinuierlichen fachlichen Austausch \u00fcber neue Erkenntnisse und innovative Behandlungsmethoden.<\/div><\/div><div class=\"x-col e3521-e19 m2pt-u m2pt-v m2pt-w\"><div class=\"x-text x-content e3521-e20 m2pt-1h m2pt-1i m2pt-1j\">Die Kleintierpraxis von Privatdozent Dr. Thomas G\u00f6bel ist ein inhabergef\u00fchrtes, modernes und innovatives Service- und Dienstleistungsunternehmen. Im Mittelpunkt unserer Aktivit\u00e4ten stehen die Gesundheit und das Wohlergehen von Kleintieren, Heimtieren, V\u00f6geln und Reptilien.<\/div><\/div><\/div><\/div><\/div><div class=\"x-section e3521-e21 m2pt-0 m2pt-2 m2pt-6\"><div class=\"x-bg\" aria-hidden=\"true\"><div class=\"x-bg-layer-lower-image\" style=\" background-image: url(https:\/\/www.brandenburg-havelland.de\/tap_goebel_bf\/wp-content\/uploads\/2020\/12\/cat.jpg); background-repeat: no-repeat; background-position: center; background-size: cover;\"><\/div><div class=\"x-bg-layer-upper-color\" style=\" background-color: rgba(35, 35, 35, 0.9);\"><\/div><\/div><div class=\"x-row x-container max width e3521-e22 m2pt-7 m2pt-8 m2pt-9 m2pt-e m2pt-f m2pt-n m2pt-o\"><div class=\"x-row-inner\"><div class=\"x-col e3521-e23 m2pt-u m2pt-v m2pt-x m2pt-y m2pt-10 m2pt-11 m2pt-12\"><div class=\"x-text x-text-headline e3521-e24 m2pt-18 m2pt-19 m2pt-1b m2pt-1c m2pt-1d\"><div class=\"x-text-content\"><div class=\"x-text-content-text\"><h2 class=\"x-text-content-text-primary\">Sprechzeiten<\/h2><\/div><\/div><\/div><hr class=\"x-line e3521-e25 m2pt-1y m2pt-1z\"><\/hr><\/div><\/div><\/div><div class=\"x-row x-container max width e3521-e26 m2pt-7 m2pt-8 m2pt-a m2pt-e m2pt-g m2pt-p\"><div class=\"x-row-inner\"><div class=\"x-col e3521-e27 m2pt-u m2pt-v m2pt-w\"><div class=\"x-text x-text-headline e3521-e28 m2pt-19 m2pt-1b m2pt-1c m2pt-1d m2pt-1e\"><div class=\"x-text-content\"><div class=\"x-text-content-text\"><div class=\"x-text-content-text-primary\">Montag - Freitag<\/div><\/div><\/div><\/div><hr class=\"x-line e3521-e29 m2pt-1y m2pt-20\"><\/hr><div class=\"x-text x-content e3521-e30 m2pt-1i m2pt-1j m2pt-1l m2pt-1m m2pt-1n\">09:00 - 12:00 \/ 16:00 - 19:00 Uhr<\/div><\/div><div class=\"x-col e3521-e31 m2pt-u m2pt-v m2pt-w\"><div class=\"x-text x-text-headline e3521-e32 m2pt-19 m2pt-1b m2pt-1c m2pt-1d m2pt-1e\"><div class=\"x-text-content\"><div class=\"x-text-content-text\"><div class=\"x-text-content-text-primary\">Samstag<\/div><\/div><\/div><\/div><hr class=\"x-line e3521-e33 m2pt-1y m2pt-20\"><\/hr><div class=\"x-text x-content e3521-e34 m2pt-1i m2pt-1j m2pt-1l m2pt-1m m2pt-1n\">10:00 - 13:00 Uhr<\/div><\/div><div class=\"x-col e3521-e35 m2pt-u m2pt-v m2pt-w\"><div class=\"x-text x-text-headline e3521-e36 m2pt-19 m2pt-1b m2pt-1c m2pt-1d m2pt-1e\"><div class=\"x-text-content\"><div class=\"x-text-content-text\"><div class=\"x-text-content-text-primary\">Sonntag<\/div><\/div><\/div><\/div><hr class=\"x-line e3521-e37 m2pt-1y m2pt-20\"><\/hr><div class=\"x-text x-content e3521-e38 m2pt-1i m2pt-1j m2pt-1l m2pt-1m m2pt-1n\">11:00 - 12:00 Uhr (Notfallsprechstunde)<\/div><\/div><\/div><\/div><div class=\"x-row x-container max width e3521-e39 m2pt-7 m2pt-8 m2pt-9 m2pt-e m2pt-f m2pt-n m2pt-q\"><div class=\"x-row-inner\"><div class=\"x-col e3521-e40 m2pt-u m2pt-v m2pt-w\"><div class=\"x-text x-content e3521-e41 m2pt-1i m2pt-1j m2pt-1l m2pt-1m m2pt-1o m2pt-1p\"><p>Bitte vereinbaren Sie einen Termin, gerne auch bei einer Tier\u00e4rztin\/einem Tierarzt Ihrer Wahl. Dies ist nach Absprache auch ausserhalb der Sprechzeiten m\u00f6glich. Innerhalb der o.g. Sprechzeiten k\u00f6nnen Sie gerne ohne Termin vorstellig werden. F\u00fcr Spezialuntersuchungen (z.B. HD-\/ED-R\u00f6ntgen, Operationen, etc.) ben\u00f6tigen Sie auf jeden Fall einen Termin. F\u00fcr die Wochenendsprechstunde k\u00f6nnen leider keine Termine vergeben werden.<br \/>Mo. \u2013 Fr. sind wir telefonisch von 08:30 \u2013 19:00 erreichbar.<\/p>\n\n<p>Feiertags 11:00 \u2013 12:00 Notfallsprechstunde!<\/p><\/div><\/div><\/div><\/div><\/div><div class=\"x-section e3521-e42 m2pt-0 m2pt-2 m2pt-3\"><div class=\"x-row x-container max width e3521-e43 m2pt-7 m2pt-8 m2pt-e m2pt-f m2pt-h m2pt-n m2pt-r\"><div class=\"x-row-inner\"><div class=\"x-col e3521-e44 m2pt-u m2pt-w m2pt-13\"><div class=\"x-text x-text-headline e3521-e45 m2pt-18 m2pt-19 m2pt-1b m2pt-1c m2pt-1f\"><div class=\"x-text-content\"><div class=\"x-text-content-text\"><h2 class=\"x-text-content-text-primary\">Zahlungsmodalit\u00e4ten<\/h2><\/div><\/div><\/div><hr class=\"x-line e3521-e46 m2pt-1y m2pt-21\"><\/hr><\/div><\/div><\/div><div class=\"x-row x-container max width e3521-e47 m2pt-7 m2pt-8 m2pt-9 m2pt-e m2pt-f m2pt-n m2pt-s\"><div class=\"x-row-inner\"><div class=\"x-col e3521-e48 m2pt-u m2pt-v m2pt-x m2pt-y m2pt-10 m2pt-12 m2pt-14\"><div class=\"x-text x-content e3521-e49 m2pt-1i m2pt-1l m2pt-1o m2pt-1q m2pt-1r\">Die Berechnung der tier\u00e4rztlichen Leistungen erfolgt in Anlehnung an die offizielle Geb\u00fchrenordnung f\u00fcr Tier\u00e4rzte GOT. Bitte beachten Sie jedoch, dass wir nach der GOT verpflichtet sind, f\u00fcr Notdienste einen Zuschlag zu nehmen. Sie k\u00f6nnen Ihre Rechnung bar oder per EC-Lastschrift bezahlen. Ist Ihr Tier krankenversichert, gehen Sie bei uns in Vorleistung und lassen sich dann den Rechnungsbetrag von Ihrer Versicherung erstatten.<\/div><div class=\"x-text x-content e3521-e50 m2pt-1i m2pt-1l m2pt-1o m2pt-1q m2pt-1r\">Die Zahlung auf Rechnung ist (Bonit\u00e4t verausgesetzt) grunds\u00e4tzlich \u00fcber unseren Servicepartner BFS Health Finance m\u00f6glich. Hier k\u00f6nnen Sie auch flexible Ratenzahlungen vereinbaren, wobei bis zu 4 monatliche Zahlungen ohne zus\u00e4tzliche Kosten f\u00fcr Sie m\u00f6glich sind.<\/div><a class=\"x-anchor x-anchor-button has-graphic e3521-e51 m2pt-1t m2pt-1v m2pt-1x\" tabindex=\"0\" href=\"https:\/\/meinebfs.de\/sie\/patienten\/bfs-services\/\" target=\"_blank\"><div class=\"x-anchor-content\"><span class=\"x-graphic\" aria-hidden=\"true\"><i class=\"x-icon x-graphic-child x-graphic-icon x-graphic-primary\" aria-hidden=\"true\" data-x-icon-o=\"&#xf08e;\"><\/i><\/span><div class=\"x-anchor-text\"><span class=\"x-anchor-text-primary\">weitere Informationen<\/span><\/div><\/div><\/a><\/div><\/div><\/div><\/div><div class=\"x-section e3521-e52 m2pt-0 m2pt-1 m2pt-2\"><div class=\"x-row x-container max width e3521-e53 m2pt-7 m2pt-8 m2pt-9 m2pt-d m2pt-i m2pt-k m2pt-t\"><div class=\"x-row-inner\"><div class=\"x-col e3521-e54 m2pt-u m2pt-v m2pt-x m2pt-10 m2pt-11 m2pt-15\"><div class=\"x-text x-text-headline e3521-e55 m2pt-18 m2pt-19 m2pt-1a m2pt-1b m2pt-1g\"><div class=\"x-text-content\"><div class=\"x-text-content-text\"><h2 class=\"x-text-content-text-primary\">Wir freuen uns immer \u00fcber Ihre Bewerbung<\/h2><\/div><\/div><\/div><div class=\"x-text x-content e3521-e56 m2pt-1i m2pt-1j m2pt-1l m2pt-1o m2pt-1q m2pt-1s\">Praktikum \/ Ausbildung \/ Studentische Hilfskraft \/ <strong>Tiermedizinische Fachangestellte \/ Tierarzthelferin<\/strong><\/div><a class=\"x-anchor x-anchor-button e3521-e57 m2pt-1t m2pt-1u\" tabindex=\"0\" href=\"https:\/\/www.brandenburg-havelland.de\/tap_goebel_bf\/kontakt\/\"><div class=\"x-anchor-content\"><div class=\"x-anchor-text\"><span class=\"x-anchor-text-primary\">Jetzt bewerben<\/span><\/div><\/div><\/a><\/div><\/div><\/div><\/div><\/div>\n","protected":false},"excerpt":{"rendered":"<p>Unsere Praxisphilosophie: Die Bed\u00fcrfnisse jedes einzelnen Tieres stehen im Fokus.Bei uns stehen die individuellen Bed&uuml;rfnisse jedes einzelnen Tieres im Fokus der Betrachtung. Von den ersten Schritten im Welpenalter bis zur Geriatrie stehen wir unseren Patienten zur Seite. Wir sind kompetente Ansprechpartner, wenn es um die Gesundhaltung und die Krankenversorgung von Klein- und Heimtieren geht. Innovative Therapieans&auml;tze, neue Behandlungs- und Operationsmethoden &#8230; <\/p>\n<div><a href=\"https:\/\/www.brandenburg-havelland.de\/tap_goebel_bf\/praxis\/\" class=\"more-link\">Read More<\/a><\/div>\n","protected":false},"author":1,"featured_media":0,"parent":0,"menu_order":2,"comment_status":"closed","ping_status":"closed","template":"template-blank-4.php","meta":{"footnotes":""},"class_list":["post-3521","page","type-page","status-publish","hentry","no-post-thumbnail"],"aioseo_notices":[],"_links":{"self":[{"href":"https:\/\/www.brandenburg-havelland.de\/tap_goebel_bf\/wp-json\/wp\/v2\/pages\/3521","targetHints":{"allow":["GET"]}}],"collection":[{"href":"https:\/\/www.brandenburg-havelland.de\/tap_goebel_bf\/wp-json\/wp\/v2\/pages"}],"about":[{"href":"https:\/\/www.brandenburg-havelland.de\/tap_goebel_bf\/wp-json\/wp\/v2\/types\/page"}],"author":[{"embeddable":true,"href":"https:\/\/www.brandenburg-havelland.de\/tap_goebel_bf\/wp-json\/wp\/v2\/users\/1"}],"replies":[{"embeddable":true,"href":"https:\/\/www.brandenburg-havelland.de\/tap_goebel_bf\/wp-json\/wp\/v2\/comments?post=3521"}],"version-history":[{"count":6,"href":"https:\/\/www.brandenburg-havelland.de\/tap_goebel_bf\/wp-json\/wp\/v2\/pages\/3521\/revisions"}],"predecessor-version":[{"id":4078,"href":"https:\/\/www.brandenburg-havelland.de\/tap_goebel_bf\/wp-json\/wp\/v2\/pages\/3521\/revisions\/4078"}],"wp:attachment":[{"href":"https:\/\/www.brandenburg-havelland.de\/tap_goebel_bf\/wp-json\/wp\/v2\/media?parent=3521"}],"curies":[{"name":"wp","href":"https:\/\/api.w.org\/{rel}","templated":true}]}}